{"id":71,"date":"2023-06-19T11:11:46","date_gmt":"2023-06-19T09:11:46","guid":{"rendered":"https:\/\/www.hotel-plazza-nimes.fr\/?page_id=71"},"modified":"2025-11-24T10:03:00","modified_gmt":"2025-11-24T09:03:00","slug":"acceso-contacto","status":"publish","type":"page","link":"https:\/\/www.hotel-plazza-nimes.fr\/es\/acceso-contacto\/","title":{"rendered":"Acceso y contacto"},"content":{"rendered":"<div data-elementor-type=\"wp-page\" data-elementor-id=\"71\" class=\"elementor elementor-71\" data-elementor-post-type=\"page\">\n\t\t\t\t<div class=\"elementor-element elementor-element-be176d0 e-con-full e-flex e-con e-parent\" data-id=\"be176d0\" data-element_type=\"container\" data-settings=\"{&quot;background_background&quot;:&quot;classic&quot;}\">\n\t\t\t\t<div class=\"elementor-element elementor-element-1b46151 elementor-widget elementor-widget-heading\" data-id=\"1b46151\" data-element_type=\"widget\" data-widget_type=\"heading.default\">\n\t\t\t\t<div class=\"elementor-widget-container\">\n\t\t\t\t\t<span class=\"elementor-heading-title elementor-size-default\">Cont\u00e1ctenos<\/span>\t\t\t\t<\/div>\n\t\t\t\t<\/div>\n\t\t\t\t<div class=\"elementor-element elementor-element-537c6d3 elementor-widget elementor-widget-heading\" data-id=\"537c6d3\" data-element_type=\"widget\" data-widget_type=\"heading.default\">\n\t\t\t\t<div class=\"elementor-widget-container\">\n\t\t\t\t\t<h1 class=\"elementor-heading-title elementor-size-default\">Hotel Plazza en Nimes<\/h1>\t\t\t\t<\/div>\n\t\t\t\t<\/div>\n\t\t\t\t<\/div>\n\t\t<div class=\"elementor-element elementor-element-da4fc27 e-con-full e-flex e-con e-parent\" data-id=\"da4fc27\" data-element_type=\"container\">\n\t\t\t\t<div class=\"elementor-element elementor-element-cd9843f elementor-hidden-mobile elementor-widget elementor-widget-image\" data-id=\"cd9843f\" data-element_type=\"widget\" data-widget_type=\"image.default\">\n\t\t\t\t<div class=\"elementor-widget-container\">\n\t\t\t\t\t\t\t\t\t\t\t\t\t\t\t<img fetchpriority=\"high\" decoding=\"async\" width=\"1348\" height=\"899\" src=\"https:\/\/www.hotel-plazza-nimes.fr\/wp-content\/uploads\/2025\/11\/Entree-de-lhotel.jpg\" class=\"attachment-full size-full wp-image-3587\" alt=\"\" srcset=\"https:\/\/www.hotel-plazza-nimes.fr\/wp-content\/uploads\/2025\/11\/Entree-de-lhotel.jpg 1348w, https:\/\/www.hotel-plazza-nimes.fr\/wp-content\/uploads\/2025\/11\/Entree-de-lhotel-300x200.jpg 300w, https:\/\/www.hotel-plazza-nimes.fr\/wp-content\/uploads\/2025\/11\/Entree-de-lhotel-1024x683.jpg 1024w, https:\/\/www.hotel-plazza-nimes.fr\/wp-content\/uploads\/2025\/11\/Entree-de-lhotel-768x512.jpg 768w, https:\/\/www.hotel-plazza-nimes.fr\/wp-content\/uploads\/2025\/11\/Entree-de-lhotel-18x12.jpg 18w\" sizes=\"(max-width: 1348px) 100vw, 1348px\" title=\"\">\t\t\t\t\t\t\t\t\t\t\t\t\t\t\t<\/div>\n\t\t\t\t<\/div>\n\t\t<div class=\"elementor-element elementor-element-16305ec e-con-full e-flex e-con e-child\" data-id=\"16305ec\" data-element_type=\"container\" data-settings=\"{&quot;background_background&quot;:&quot;classic&quot;}\">\n\t\t\t\t<div class=\"elementor-element elementor-element-8dcf623 elementor-widget elementor-widget-heading\" data-id=\"8dcf623\" data-element_type=\"widget\" data-widget_type=\"heading.default\">\n\t\t\t\t<div class=\"elementor-widget-container\">\n\t\t\t\t\t<h2 class=\"elementor-heading-title elementor-size-default\">Cont\u00e1ctenos<\/h2>\t\t\t\t<\/div>\n\t\t\t\t<\/div>\n\t\t\t\t<div class=\"elementor-element elementor-element-38f05d9 elementor-widget__width-initial elementor-widget elementor-widget-text-editor\" data-id=\"38f05d9\" data-element_type=\"widget\" data-widget_type=\"text-editor.default\">\n\t\t\t\t<div class=\"elementor-widget-container\">\n\t\t\t\t\t\t\t\t\t<p>No dude en ponerse en contacto con nosotros para cualquier solicitud de informaci\u00f3n.<\/p>\t\t\t\t\t\t\t\t<\/div>\n\t\t\t\t<\/div>\n\t\t<div class=\"elementor-element elementor-element-205f334 fade-button button-1 e-con-full e-flex e-con e-child\" data-id=\"205f334\" data-element_type=\"container\">\n\t\t\t\t<div class=\"elementor-element elementor-element-bd77012 elementor-align-justify elementor-widget elementor-widget-button\" data-id=\"bd77012\" data-element_type=\"widget\" data-widget_type=\"button.default\">\n\t\t\t\t<div class=\"elementor-widget-container\">\n\t\t\t\t\t\t\t\t\t<div class=\"elementor-button-wrapper\">\n\t\t\t\t\t<a class=\"elementor-button elementor-button-link elementor-size-sm\" href=\"mailto:plazza.nimescentre@hotmail.com\">\n\t\t\t\t\t\t<span class=\"elementor-button-content-wrapper\">\n\t\t\t\t\t\t\t\t\t<span class=\"elementor-button-text\">Cont\u00e1ctenos por correo electr\u00f3nico<\/span>\n\t\t\t\t\t<\/span>\n\t\t\t\t\t<\/a>\n\t\t\t\t<\/div>\n\t\t\t\t\t\t\t\t<\/div>\n\t\t\t\t<\/div>\n\t\t\t\t<\/div>\n\t\t\t\t<\/div>\n\t\t\t\t<\/div>\n\t\t<div class=\"elementor-element elementor-element-a478592 e-flex e-con-boxed e-con e-parent\" data-id=\"a478592\" data-element_type=\"container\">\n\t\t\t\t\t<div class=\"e-con-inner\">\n\t\t\t\t<div class=\"elementor-element elementor-element-d148bcb elementor-widget elementor-widget-heading\" data-id=\"d148bcb\" data-element_type=\"widget\" data-widget_type=\"heading.default\">\n\t\t\t\t<div class=\"elementor-widget-container\">\n\t\t\t\t\t<h2 class=\"elementor-heading-title elementor-size-default\">\u00bfC\u00f3mo llegar?<\/h2>\t\t\t\t<\/div>\n\t\t\t\t<\/div>\n\t\t\t\t<div class=\"elementor-element elementor-element-05d733f elementor-widget__width-initial elementor-widget elementor-widget-text-editor\" data-id=\"05d733f\" data-element_type=\"widget\" data-widget_type=\"text-editor.default\">\n\t\t\t\t<div class=\"elementor-widget-container\">\n\t\t\t\t\t\t\t\t\t<p>El hotel Plazza N\u00eemes goza de una ubicaci\u00f3n privilegiada en pleno centro de la ciudad, en el n\u00famero 10 de la rue Roussy, 30000 N\u00eemes. Su c\u00e9ntrica ubicaci\u00f3n permite acceder f\u00e1cilmente a los principales lugares tur\u00edsticos, comercios y restaurantes del centro hist\u00f3rico. Con una ubicaci\u00f3n ideal, el establecimiento ofrece un c\u00f3modo acceso tanto para los viajeros de negocios como para los visitantes que deseen descubrir la ciudad a pie.<\/p>\t\t\t\t\t\t\t\t<\/div>\n\t\t\t\t<\/div>\n\t\t<div class=\"elementor-element elementor-element-5b02555 e-flex e-con-boxed e-con e-child\" data-id=\"5b02555\" data-element_type=\"container\">\n\t\t\t\t\t<div class=\"e-con-inner\">\n\t\t\t\t<div class=\"elementor-element elementor-element-0522c68 elementor-widget__width-initial elementor-widget-mobile__width-inherit acces-item elementor-view-default elementor-position-top elementor-mobile-position-top elementor-widget elementor-widget-icon-box\" data-id=\"0522c68\" data-element_type=\"widget\" data-widget_type=\"icon-box.default\">\n\t\t\t\t<div class=\"elementor-widget-container\">\n\t\t\t\t\t\t\t<div class=\"elementor-icon-box-wrapper\">\n\n\t\t\t\t\t\t<div class=\"elementor-icon-box-icon\">\n\t\t\t\t<span  class=\"elementor-icon\">\n\t\t\t\t<i aria-hidden=\"true\" class=\"eliofont eliofont-car\"><\/i>\t\t\t\t<\/span>\n\t\t\t<\/div>\n\t\t\t\n\t\t\t\t\t\t<div class=\"elementor-icon-box-content\">\n\n\t\t\t\t\t\t\t\t\t<h3 class=\"elementor-icon-box-title\">\n\t\t\t\t\t\t<span  >\n\t\t\t\t\t\t\tEn coche\t\t\t\t\t\t<\/span>\n\t\t\t\t\t<\/h3>\n\t\t\t\t\n\t\t\t\t\t\t\t\t\t<p class=\"elementor-icon-box-description\">\n\t\t\t\t\t\tSe puede acceder al hotel desde las principales autopistas que conectan con Nimes, en particular la A9 y la A54. El hotel dispone de un aparcamiento cerrado y vigilado, disponible previa reserva.\t\t\t\t\t<\/p>\n\t\t\t\t\n\t\t\t<\/div>\n\t\t\t\n\t\t<\/div>\n\t\t\t\t\t\t<\/div>\n\t\t\t\t<\/div>\n\t\t\t\t<div class=\"elementor-element elementor-element-82958f5 elementor-widget__width-initial elementor-widget-mobile__width-inherit acces-item elementor-view-default elementor-position-top elementor-mobile-position-top elementor-widget elementor-widget-icon-box\" data-id=\"82958f5\" data-element_type=\"widget\" data-widget_type=\"icon-box.default\">\n\t\t\t\t<div class=\"elementor-widget-container\">\n\t\t\t\t\t\t\t<div class=\"elementor-icon-box-wrapper\">\n\n\t\t\t\t\t\t<div class=\"elementor-icon-box-icon\">\n\t\t\t\t<span  class=\"elementor-icon\">\n\t\t\t\t<i aria-hidden=\"true\" class=\"eliofont eliofont-plane\"><\/i>\t\t\t\t<\/span>\n\t\t\t<\/div>\n\t\t\t\n\t\t\t\t\t\t<div class=\"elementor-icon-box-content\">\n\n\t\t\t\t\t\t\t\t\t<h3 class=\"elementor-icon-box-title\">\n\t\t\t\t\t\t<span  >\n\t\t\t\t\t\t\tEn avi\u00f3n\t\t\t\t\t\t<\/span>\n\t\t\t\t\t<\/h3>\n\t\t\t\t\n\t\t\t\t\t\t\t\t\t<p class=\"elementor-icon-box-description\">\n\t\t\t\t\t\tEl aeropuerto de N\u00eemes-Al\u00e8s-Camargue-C\u00e9vennes se encuentra a unos 20 minutos en coche del centro de la ciudad.\t\t\t\t\t<\/p>\n\t\t\t\t\n\t\t\t<\/div>\n\t\t\t\n\t\t<\/div>\n\t\t\t\t\t\t<\/div>\n\t\t\t\t<\/div>\n\t\t\t\t<div class=\"elementor-element elementor-element-1af3a09 elementor-widget__width-initial elementor-widget-mobile__width-inherit acces-item elementor-view-default elementor-position-top elementor-mobile-position-top elementor-widget elementor-widget-icon-box\" data-id=\"1af3a09\" data-element_type=\"widget\" data-widget_type=\"icon-box.default\">\n\t\t\t\t<div class=\"elementor-widget-container\">\n\t\t\t\t\t\t\t<div class=\"elementor-icon-box-wrapper\">\n\n\t\t\t\t\t\t<div class=\"elementor-icon-box-icon\">\n\t\t\t\t<span  class=\"elementor-icon\">\n\t\t\t\t<i aria-hidden=\"true\" class=\"eliofont eliofont-train\"><\/i>\t\t\t\t<\/span>\n\t\t\t<\/div>\n\t\t\t\n\t\t\t\t\t\t<div class=\"elementor-icon-box-content\">\n\n\t\t\t\t\t\t\t\t\t<h3 class=\"elementor-icon-box-title\">\n\t\t\t\t\t\t<span  >\n\t\t\t\t\t\t\tEn tren\t\t\t\t\t\t<\/span>\n\t\t\t\t\t<\/h3>\n\t\t\t\t\n\t\t\t\t\t\t\t\t\t<p class=\"elementor-icon-box-description\">\n\t\t\t\t\t\tLa estaci\u00f3n de tren SNCF de Nimes se encuentra a unos 5 minutos a pie del hotel, lo que permite un acceso r\u00e1pido y c\u00f3modo desde muchas de las principales ciudades francesas.\t\t\t\t\t<\/p>\n\t\t\t\t\n\t\t\t<\/div>\n\t\t\t\n\t\t<\/div>\n\t\t\t\t\t\t<\/div>\n\t\t\t\t<\/div>\n\t\t\t\t\t<\/div>\n\t\t\t\t<\/div>\n\t\t\t\t\t<\/div>\n\t\t\t\t<\/div>\n\t\t\t\t<\/div>","protected":false},"excerpt":{"rendered":"<p>Nous contacter N\u00eemes h\u00f4tel Plazza Contactez-nous N&rsquo;h\u00e9sitez pas \u00e0 nous contacter pour toute demande d&rsquo;information. Nous contacter par mail Comment venir ? L\u2019h\u00f4tel Plazza N\u00eemes b\u00e9n\u00e9ficie d\u2019un emplacement privil\u00e9gi\u00e9 en plein c\u0153ur de la ville, au 10 rue Roussy, 30000 N\u00eemes. Sa situation centrale permet de rejoindre facilement les principaux sites touristiques, les commerces et [&hellip;]<\/p>","protected":false},"author":7,"featured_media":0,"parent":0,"menu_order":0,"comment_status":"closed","ping_status":"closed","template":"","meta":{"_acf_changed":false,"inline_featured_image":false,"footnotes":""},"class_list":["post-71","page","type-page","status-publish","hentry"],"acf":[],"_links":{"self":[{"href":"https:\/\/www.hotel-plazza-nimes.fr\/es\/wp-json\/wp\/v2\/pages\/71","targetHints":{"allow":["GET"]}}],"collection":[{"href":"https:\/\/www.hotel-plazza-nimes.fr\/es\/wp-json\/wp\/v2\/pages"}],"about":[{"href":"https:\/\/www.hotel-plazza-nimes.fr\/es\/wp-json\/wp\/v2\/types\/page"}],"author":[{"embeddable":true,"href":"https:\/\/www.hotel-plazza-nimes.fr\/es\/wp-json\/wp\/v2\/users\/7"}],"replies":[{"embeddable":true,"href":"https:\/\/www.hotel-plazza-nimes.fr\/es\/wp-json\/wp\/v2\/comments?post=71"}],"version-history":[{"count":130,"href":"https:\/\/www.hotel-plazza-nimes.fr\/es\/wp-json\/wp\/v2\/pages\/71\/revisions"}],"predecessor-version":[{"id":4036,"href":"https:\/\/www.hotel-plazza-nimes.fr\/es\/wp-json\/wp\/v2\/pages\/71\/revisions\/4036"}],"wp:attachment":[{"href":"https:\/\/www.hotel-plazza-nimes.fr\/es\/wp-json\/wp\/v2\/media?parent=71"}],"curies":[{"name":"wp","href":"https:\/\/api.w.org\/{rel}","templated":true}]}}