{"id":67,"date":"2023-06-19T11:11:03","date_gmt":"2023-06-19T09:11:03","guid":{"rendered":"https:\/\/www.hotel-plazza-nimes.fr\/?page_id=67"},"modified":"2025-11-17T16:21:12","modified_gmt":"2025-11-17T15:21:12","slug":"turismo","status":"publish","type":"page","link":"https:\/\/www.hotel-plazza-nimes.fr\/es\/turismo\/","title":{"rendered":"Turismo"},"content":{"rendered":"<div data-elementor-type=\"wp-page\" data-elementor-id=\"67\" class=\"elementor elementor-67\" data-elementor-post-type=\"page\">\n\t\t\t\t<div class=\"elementor-element elementor-element-6b8ae5e e-con-full full-tourisme e-flex e-con e-parent\" data-id=\"6b8ae5e\" data-element_type=\"container\" data-settings=\"{&quot;background_background&quot;:&quot;classic&quot;}\">\n\t\t<div class=\"elementor-element elementor-element-cca7d4f e-con-full tourisme-intro e-flex e-con e-child\" data-id=\"cca7d4f\" data-element_type=\"container\">\n\t\t<div class=\"elementor-element elementor-element-351daa0 e-con-full animated-slow e-flex elementor-invisible e-con e-child\" data-id=\"351daa0\" data-element_type=\"container\" data-settings=\"{&quot;background_background&quot;:&quot;classic&quot;,&quot;animation_delay&quot;:0,&quot;animation&quot;:&quot;fadeInLeft&quot;,&quot;animation_tablet&quot;:&quot;none&quot;}\">\n\t\t\t\t<div class=\"elementor-element elementor-element-052a499 elementor-widget elementor-widget-heading\" data-id=\"052a499\" data-element_type=\"widget\" data-widget_type=\"heading.default\">\n\t\t\t\t<div class=\"elementor-widget-container\">\n\t\t\t\t\t<h1 class=\"elementor-heading-title elementor-size-default\">Visitar el Gard<\/h1>\t\t\t\t<\/div>\n\t\t\t\t<\/div>\n\t\t\t\t<div class=\"elementor-element elementor-element-7050868 elementor-widget elementor-widget-text-editor\" data-id=\"7050868\" data-element_type=\"widget\" data-widget_type=\"text-editor.default\">\n\t\t\t\t<div class=\"elementor-widget-container\">\n\t\t\t\t\t\t\t\t\t<p>Nimes y sus alrededores<\/p>\t\t\t\t\t\t\t\t<\/div>\n\t\t\t\t<\/div>\n\t\t\t\t<div class=\"elementor-element elementor-element-48a6267 elementor-widget elementor-widget-text-editor\" data-id=\"48a6267\" data-element_type=\"widget\" data-widget_type=\"text-editor.default\">\n\t\t\t\t<div class=\"elementor-widget-container\">\n\t\t\t\t\t\t\t\t\t<p>No muy lejos de nuestro encantador establecimiento, tendr\u00e1 el placer de explorar el casco antiguo de Nimes y descubrir los vestigios romanos que dan testimonio de la grandeza pasada de la ciudad. El anfiteatro de las Arenas sigue ofreciendo hoy en d\u00eda espect\u00e1culos grandiosos, mientras que la Maison Carr\u00e9e, la Enceinte d'Auguste, el templo de Diana y el yacimiento del Castellum son otros tantos tesoros hist\u00f3ricos que visitar en los alrededores.<\/p>\t\t\t\t\t\t\t\t<\/div>\n\t\t\t\t<\/div>\n\t\t\t\t<div class=\"elementor-element elementor-element-31e2b21 elementor-widget elementor-widget-text-editor\" data-id=\"31e2b21\" data-element_type=\"widget\" data-widget_type=\"text-editor.default\">\n\t\t\t\t<div class=\"elementor-widget-container\">\n\t\t\t\t\t\t\t\t\t<p>No se pierda un relajante paseo por los jardines de la Fuente, donde estatuas y fuentes antiguas conviven con una exuberante vegetaci\u00f3n. Para completar esta inmersi\u00f3n en la historia romana, no deje de visitar el museo arqueol\u00f3gico, repleto de fascinantes piezas de esta \u00e9poca.<\/p>\t\t\t\t\t\t\t\t<\/div>\n\t\t\t\t<\/div>\n\t\t\t\t<\/div>\n\t\t<div class=\"elementor-element elementor-element-bf0e851 e-con-full animated-slow e-flex e-con e-child\" data-id=\"bf0e851\" data-element_type=\"container\" data-settings=\"{&quot;animation_delay&quot;:100,&quot;animation&quot;:&quot;none&quot;}\">\n\t\t\t\t<div class=\"elementor-element elementor-element-d89a61d elementor-widget__width-inherit elementor-absolute intro-img animated-slow elementor-invisible elementor-widget elementor-widget-image\" data-id=\"d89a61d\" data-element_type=\"widget\" data-settings=\"{&quot;_position&quot;:&quot;absolute&quot;,&quot;_animation&quot;:&quot;fadeIn&quot;,&quot;_animation_tablet&quot;:&quot;none&quot;,&quot;_animation_delay&quot;:500}\" data-widget_type=\"image.default\">\n\t\t\t\t<div class=\"elementor-widget-container\">\n\t\t\t\t\t\t\t\t\t\t\t\t\t\t\t<img fetchpriority=\"high\" decoding=\"async\" width=\"2121\" height=\"1414\" src=\"https:\/\/www.hotel-plazza-nimes.fr\/wp-content\/uploads\/2025\/11\/nimes.jpg\" class=\"attachment-full size-full wp-image-3590\" alt=\"\" srcset=\"https:\/\/www.hotel-plazza-nimes.fr\/wp-content\/uploads\/2025\/11\/nimes.jpg 2121w, https:\/\/www.hotel-plazza-nimes.fr\/wp-content\/uploads\/2025\/11\/nimes-300x200.jpg 300w, https:\/\/www.hotel-plazza-nimes.fr\/wp-content\/uploads\/2025\/11\/nimes-1024x683.jpg 1024w, https:\/\/www.hotel-plazza-nimes.fr\/wp-content\/uploads\/2025\/11\/nimes-768x512.jpg 768w, https:\/\/www.hotel-plazza-nimes.fr\/wp-content\/uploads\/2025\/11\/nimes-1536x1024.jpg 1536w, https:\/\/www.hotel-plazza-nimes.fr\/wp-content\/uploads\/2025\/11\/nimes-2048x1365.jpg 2048w, https:\/\/www.hotel-plazza-nimes.fr\/wp-content\/uploads\/2025\/11\/nimes-18x12.jpg 18w\" sizes=\"(max-width: 2121px) 100vw, 2121px\" title=\"\">\t\t\t\t\t\t\t\t\t\t\t\t\t\t\t<\/div>\n\t\t\t\t<\/div>\n\t\t\t\t<div class=\"elementor-element elementor-element-a33e00c sticky-title elementor-widget elementor-widget-heading\" data-id=\"a33e00c\" data-element_type=\"widget\" data-settings=\"{&quot;sticky&quot;:&quot;bottom&quot;,&quot;sticky_offset&quot;:40,&quot;sticky_on&quot;:[&quot;desktop&quot;,&quot;tablet&quot;,&quot;mobile&quot;],&quot;sticky_effects_offset&quot;:0,&quot;sticky_anchor_link_offset&quot;:0}\" data-widget_type=\"heading.default\">\n\t\t\t\t<div class=\"elementor-widget-container\">\n\t\t\t\t\t<span class=\"elementor-heading-title elementor-size-default\">Turismo<\/span>\t\t\t\t<\/div>\n\t\t\t\t<\/div>\n\t\t\t\t<\/div>\n\t\t\t\t<\/div>\n\t\t\t\t<\/div>\n\t\t<div class=\"elementor-element elementor-element-fe5f7aa e-flex e-con-boxed e-con e-parent\" data-id=\"fe5f7aa\" data-element_type=\"container\">\n\t\t\t\t\t<div class=\"e-con-inner\">\n\t\t<div class=\"elementor-element elementor-element-ff72848 e-con-full e-flex e-con e-child\" data-id=\"ff72848\" data-element_type=\"container\">\n\t\t\t\t<div class=\"elementor-element elementor-element-98677a6 elementor-widget elementor-widget-image\" data-id=\"98677a6\" data-element_type=\"widget\" data-widget_type=\"image.default\">\n\t\t\t\t<div class=\"elementor-widget-container\">\n\t\t\t\t\t\t\t\t\t\t\t\t\t\t\t<img decoding=\"async\" width=\"1416\" height=\"2116\" src=\"https:\/\/www.hotel-plazza-nimes.fr\/wp-content\/uploads\/2025\/11\/arenes-nimes-2-1.jpg\" class=\"attachment-full size-full wp-image-3782\" alt=\"\" srcset=\"https:\/\/www.hotel-plazza-nimes.fr\/wp-content\/uploads\/2025\/11\/arenes-nimes-2-1.jpg 1416w, https:\/\/www.hotel-plazza-nimes.fr\/wp-content\/uploads\/2025\/11\/arenes-nimes-2-1-201x300.jpg 201w, https:\/\/www.hotel-plazza-nimes.fr\/wp-content\/uploads\/2025\/11\/arenes-nimes-2-1-685x1024.jpg 685w, https:\/\/www.hotel-plazza-nimes.fr\/wp-content\/uploads\/2025\/11\/arenes-nimes-2-1-768x1148.jpg 768w, https:\/\/www.hotel-plazza-nimes.fr\/wp-content\/uploads\/2025\/11\/arenes-nimes-2-1-1028x1536.jpg 1028w, https:\/\/www.hotel-plazza-nimes.fr\/wp-content\/uploads\/2025\/11\/arenes-nimes-2-1-1370x2048.jpg 1370w, https:\/\/www.hotel-plazza-nimes.fr\/wp-content\/uploads\/2025\/11\/arenes-nimes-2-1-8x12.jpg 8w\" sizes=\"(max-width: 1416px) 100vw, 1416px\" title=\"\">\t\t\t\t\t\t\t\t\t\t\t\t\t\t\t<\/div>\n\t\t\t\t<\/div>\n\t\t<div class=\"elementor-element elementor-element-70d3196 e-con-full e-flex e-con e-child\" data-id=\"70d3196\" data-element_type=\"container\" data-settings=\"{&quot;background_background&quot;:&quot;classic&quot;}\">\n\t\t\t\t<div class=\"elementor-element elementor-element-4a02c68 elementor-widget elementor-widget-heading\" data-id=\"4a02c68\" data-element_type=\"widget\" data-widget_type=\"heading.default\">\n\t\t\t\t<div class=\"elementor-widget-container\">\n\t\t\t\t\t<h3 class=\"elementor-heading-title elementor-size-default\">Plaza de toros de Nimes<\/h3>\t\t\t\t<\/div>\n\t\t\t\t<\/div>\n\t\t\t\t<div class=\"elementor-element elementor-element-2a80e4c elementor-widget elementor-widget-text-editor\" data-id=\"2a80e4c\" data-element_type=\"widget\" data-widget_type=\"text-editor.default\">\n\t\t\t\t<div class=\"elementor-widget-container\">\n\t\t\t\t\t\t\t\t\t<p>Sum\u00e9rjase en la historia romana con una visita a la Arena de Nimes, una experiencia cultural imprescindible en pleno centro de la ciudad.<\/p>\t\t\t\t\t\t\t\t<\/div>\n\t\t\t\t<\/div>\n\t\t<div class=\"elementor-element elementor-element-bd68432 fade-button button-3 e-flex e-con-boxed e-con e-child\" data-id=\"bd68432\" data-element_type=\"container\">\n\t\t\t\t\t<div class=\"e-con-inner\">\n\t\t\t\t<div class=\"elementor-element elementor-element-f67d5cc elementor-align-justify elementor-widget elementor-widget-button\" data-id=\"f67d5cc\" data-element_type=\"widget\" data-widget_type=\"button.default\">\n\t\t\t\t<div class=\"elementor-widget-container\">\n\t\t\t\t\t\t\t\t\t<div class=\"elementor-button-wrapper\">\n\t\t\t\t\t<a class=\"elementor-button elementor-button-link elementor-size-sm\" href=\"https:\/\/www.hotel-plazza-nimes.fr\/es\/turismo\/arenas-de-nimes\/\">\n\t\t\t\t\t\t<span class=\"elementor-button-content-wrapper\">\n\t\t\t\t\t\t\t\t\t<span class=\"elementor-button-text\">Descubra<\/span>\n\t\t\t\t\t<\/span>\n\t\t\t\t\t<\/a>\n\t\t\t\t<\/div>\n\t\t\t\t\t\t\t\t<\/div>\n\t\t\t\t<\/div>\n\t\t\t\t\t<\/div>\n\t\t\t\t<\/div>\n\t\t\t\t<\/div>\n\t\t\t\t<\/div>\n\t\t<div class=\"elementor-element elementor-element-c644d54 e-con-full e-flex e-con e-child\" data-id=\"c644d54\" data-element_type=\"container\">\n\t\t\t\t<div class=\"elementor-element elementor-element-5e60b12 elementor-widget elementor-widget-image\" data-id=\"5e60b12\" data-element_type=\"widget\" data-widget_type=\"image.default\">\n\t\t\t\t<div class=\"elementor-widget-container\">\n\t\t\t\t\t\t\t\t\t\t\t\t\t\t\t<img decoding=\"async\" width=\"2121\" height=\"1414\" src=\"https:\/\/www.hotel-plazza-nimes.fr\/wp-content\/uploads\/2025\/11\/maison-carree-nimes-2-1.jpg\" class=\"attachment-full size-full wp-image-3791\" alt=\"\" srcset=\"https:\/\/www.hotel-plazza-nimes.fr\/wp-content\/uploads\/2025\/11\/maison-carree-nimes-2-1.jpg 2121w, https:\/\/www.hotel-plazza-nimes.fr\/wp-content\/uploads\/2025\/11\/maison-carree-nimes-2-1-300x200.jpg 300w, https:\/\/www.hotel-plazza-nimes.fr\/wp-content\/uploads\/2025\/11\/maison-carree-nimes-2-1-1024x683.jpg 1024w, https:\/\/www.hotel-plazza-nimes.fr\/wp-content\/uploads\/2025\/11\/maison-carree-nimes-2-1-768x512.jpg 768w, https:\/\/www.hotel-plazza-nimes.fr\/wp-content\/uploads\/2025\/11\/maison-carree-nimes-2-1-1536x1024.jpg 1536w, https:\/\/www.hotel-plazza-nimes.fr\/wp-content\/uploads\/2025\/11\/maison-carree-nimes-2-1-2048x1365.jpg 2048w, https:\/\/www.hotel-plazza-nimes.fr\/wp-content\/uploads\/2025\/11\/maison-carree-nimes-2-1-18x12.jpg 18w\" sizes=\"(max-width: 2121px) 100vw, 2121px\" title=\"\">\t\t\t\t\t\t\t\t\t\t\t\t\t\t\t<\/div>\n\t\t\t\t<\/div>\n\t\t<div class=\"elementor-element elementor-element-15e9791 e-con-full e-flex e-con e-child\" data-id=\"15e9791\" data-element_type=\"container\" data-settings=\"{&quot;background_background&quot;:&quot;classic&quot;}\">\n\t\t\t\t<div class=\"elementor-element elementor-element-451a781 elementor-widget elementor-widget-heading\" data-id=\"451a781\" data-element_type=\"widget\" data-widget_type=\"heading.default\">\n\t\t\t\t<div class=\"elementor-widget-container\">\n\t\t\t\t\t<h3 class=\"elementor-heading-title elementor-size-default\">La Casa Cuadrada<\/h3>\t\t\t\t<\/div>\n\t\t\t\t<\/div>\n\t\t\t\t<div class=\"elementor-element elementor-element-c94408d elementor-widget elementor-widget-text-editor\" data-id=\"c94408d\" data-element_type=\"widget\" data-widget_type=\"text-editor.default\">\n\t\t\t\t<div class=\"elementor-widget-container\">\n\t\t\t\t\t\t\t\t\t<p>Descubra la Maison Carr\u00e9e de Nimes, una obra maestra romana perfectamente conservada, y d\u00e9jese sorprender por la fuerza de su historia.<\/p>\t\t\t\t\t\t\t\t<\/div>\n\t\t\t\t<\/div>\n\t\t<div class=\"elementor-element elementor-element-703196b fade-button button-3 e-flex e-con-boxed e-con e-child\" data-id=\"703196b\" data-element_type=\"container\">\n\t\t\t\t\t<div class=\"e-con-inner\">\n\t\t\t\t<div class=\"elementor-element elementor-element-6191ebb elementor-align-justify elementor-widget elementor-widget-button\" data-id=\"6191ebb\" data-element_type=\"widget\" data-widget_type=\"button.default\">\n\t\t\t\t<div class=\"elementor-widget-container\">\n\t\t\t\t\t\t\t\t\t<div class=\"elementor-button-wrapper\">\n\t\t\t\t\t<a class=\"elementor-button elementor-button-link elementor-size-sm\" href=\"https:\/\/www.hotel-plazza-nimes.fr\/es\/turismo\/casa-cuadrada-nimes\/\">\n\t\t\t\t\t\t<span class=\"elementor-button-content-wrapper\">\n\t\t\t\t\t\t\t\t\t<span class=\"elementor-button-text\">Descubra<\/span>\n\t\t\t\t\t<\/span>\n\t\t\t\t\t<\/a>\n\t\t\t\t<\/div>\n\t\t\t\t\t\t\t\t<\/div>\n\t\t\t\t<\/div>\n\t\t\t\t\t<\/div>\n\t\t\t\t<\/div>\n\t\t\t\t<\/div>\n\t\t\t\t<\/div>\n\t\t\t\t\t<\/div>\n\t\t\t\t<\/div>\n\t\t\t\t<\/div>","protected":false},"excerpt":{"rendered":"<p>Visiter le Gard N\u00eemes et ses alentours Non loin de notre charmant \u00e9tablissement, vous aurez la joie d&rsquo;explorer la vieille ville de N\u00eemes et de d\u00e9couvrir les vestiges romains qui t\u00e9moignent de la grandeur pass\u00e9e de la cit\u00e9. L&rsquo;amphith\u00e9\u00e2tre des Ar\u00e8nes offre encore aujourd&rsquo;hui des spectacles grandioses, tandis que la Maison Carr\u00e9e, l&rsquo;Enceinte d&rsquo;Auguste, le [&hellip;]<\/p>","protected":false},"author":7,"featured_media":0,"parent":0,"menu_order":0,"comment_status":"closed","ping_status":"closed","template":"","meta":{"_acf_changed":false,"inline_featured_image":false,"footnotes":""},"class_list":["post-67","page","type-page","status-publish","hentry"],"acf":[],"_links":{"self":[{"href":"https:\/\/www.hotel-plazza-nimes.fr\/es\/wp-json\/wp\/v2\/pages\/67","targetHints":{"allow":["GET"]}}],"collection":[{"href":"https:\/\/www.hotel-plazza-nimes.fr\/es\/wp-json\/wp\/v2\/pages"}],"about":[{"href":"https:\/\/www.hotel-plazza-nimes.fr\/es\/wp-json\/wp\/v2\/types\/page"}],"author":[{"embeddable":true,"href":"https:\/\/www.hotel-plazza-nimes.fr\/es\/wp-json\/wp\/v2\/users\/7"}],"replies":[{"embeddable":true,"href":"https:\/\/www.hotel-plazza-nimes.fr\/es\/wp-json\/wp\/v2\/comments?post=67"}],"version-history":[{"count":274,"href":"https:\/\/www.hotel-plazza-nimes.fr\/es\/wp-json\/wp\/v2\/pages\/67\/revisions"}],"predecessor-version":[{"id":3881,"href":"https:\/\/www.hotel-plazza-nimes.fr\/es\/wp-json\/wp\/v2\/pages\/67\/revisions\/3881"}],"wp:attachment":[{"href":"https:\/\/www.hotel-plazza-nimes.fr\/es\/wp-json\/wp\/v2\/media?parent=67"}],"curies":[{"name":"wp","href":"https:\/\/api.w.org\/{rel}","templated":true}]}}