{"id":65,"date":"2023-06-19T11:10:35","date_gmt":"2023-06-19T09:10:35","guid":{"rendered":"https:\/\/www.hotel-plazza-nimes.fr\/?page_id=65"},"modified":"2025-11-21T09:10:47","modified_gmt":"2025-11-21T08:10:47","slug":"restauracion","status":"publish","type":"page","link":"https:\/\/www.hotel-plazza-nimes.fr\/es\/restauracion\/","title":{"rendered":"Catering"},"content":{"rendered":"<div data-elementor-type=\"wp-page\" data-elementor-id=\"65\" class=\"elementor elementor-65\" data-elementor-post-type=\"page\">\n\t\t\t\t<div class=\"elementor-element elementor-element-c38c39f e-con-full e-flex e-con e-parent\" data-id=\"c38c39f\" data-element_type=\"container\" data-settings=\"{&quot;background_background&quot;:&quot;classic&quot;}\">\n\t\t\t\t<div class=\"elementor-element elementor-element-c0c05d3 elementor-widget elementor-widget-heading\" data-id=\"c0c05d3\" data-element_type=\"widget\" data-widget_type=\"heading.default\">\n\t\t\t\t<div class=\"elementor-widget-container\">\n\t\t\t\t\t<span class=\"elementor-heading-title elementor-size-default\">Catering<\/span>\t\t\t\t<\/div>\n\t\t\t\t<\/div>\n\t\t\t\t<div class=\"elementor-element elementor-element-c079ed8 elementor-widget-mobile__width-initial elementor-widget elementor-widget-heading\" data-id=\"c079ed8\" data-element_type=\"widget\" data-widget_type=\"heading.default\">\n\t\t\t\t<div class=\"elementor-widget-container\">\n\t\t\t\t\t<h1 class=\"elementor-heading-title elementor-size-default\">Un desayuno en Nimes<\/h1>\t\t\t\t<\/div>\n\t\t\t\t<\/div>\n\t\t\t\t<\/div>\n\t\t<div class=\"elementor-element elementor-element-9a6cf54 e-con-full fade-bloc e-flex e-con e-parent\" data-id=\"9a6cf54\" data-element_type=\"container\">\n\t\t<div class=\"elementor-element elementor-element-41e0804 e-con-full fade-content e-flex e-con e-child\" data-id=\"41e0804\" data-element_type=\"container\" data-settings=\"{&quot;background_background&quot;:&quot;classic&quot;}\">\n\t\t<div class=\"elementor-element elementor-element-dc00ae0 e-flex e-con-boxed e-con e-child\" data-id=\"dc00ae0\" data-element_type=\"container\">\n\t\t\t\t\t<div class=\"e-con-inner\">\n\t\t\t\t<div class=\"elementor-element elementor-element-2f5b9f6 fade-title elementor-widget elementor-widget-heading\" data-id=\"2f5b9f6\" data-element_type=\"widget\" data-widget_type=\"heading.default\">\n\t\t\t\t<div class=\"elementor-widget-container\">\n\t\t\t\t\t<h2 class=\"elementor-heading-title elementor-size-default\">Buffet de desayuno<\/h2>\t\t\t\t<\/div>\n\t\t\t\t<\/div>\n\t\t\t\t<div class=\"elementor-element elementor-element-48ab943 fade-text elementor-widget elementor-widget-text-editor\" data-id=\"48ab943\" data-element_type=\"widget\" data-widget_type=\"text-editor.default\">\n\t\t\t\t<div class=\"elementor-widget-container\">\n\t\t\t\t\t\t\t\t\t<p>Cada ma\u00f1ana, el hotel Plazza de Nimes ofrece un completo desayuno buf\u00e9 que combina frescura y variedad. Los hu\u00e9spedes pueden disfrutar de zumos de fruta, boller\u00eda elaborada con mantequilla pura y una amplia selecci\u00f3n de bebidas calientes y acompa\u00f1amientos dulces o salados. Este servicio ilimitado permite comenzar el d\u00eda con una comida equilibrada, preparada con productos seleccionados por su calidad.<\/p>\t\t\t\t\t\t\t\t<\/div>\n\t\t\t\t<\/div>\n\t\t\t\t<div class=\"elementor-element elementor-element-f7b55ea elementor-hidden-desktop elementor-hidden-tablet elementor-hidden-mobile elementor-widget elementor-widget-button\" data-id=\"f7b55ea\" data-element_type=\"widget\" data-widget_type=\"button.default\">\n\t\t\t\t<div class=\"elementor-widget-container\">\n\t\t\t\t\t\t\t\t\t<div class=\"elementor-button-wrapper\">\n\t\t\t\t\t<a class=\"elementor-button elementor-button-link elementor-size-sm\" href=\"#\">\n\t\t\t\t\t\t<span class=\"elementor-button-content-wrapper\">\n\t\t\t\t\t\t<span class=\"elementor-button-icon\">\n\t\t\t\t<i aria-hidden=\"true\" class=\"eliofont eliofont-room-service\"><\/i>\t\t\t<\/span>\n\t\t\t\t\t\t\t\t\t<span class=\"elementor-button-text\">Ver el mapa<\/span>\n\t\t\t\t\t<\/span>\n\t\t\t\t\t<\/a>\n\t\t\t\t<\/div>\n\t\t\t\t\t\t\t\t<\/div>\n\t\t\t\t<\/div>\n\t\t\t\t\t<\/div>\n\t\t\t\t<\/div>\n\t\t\t\t<\/div>\n\t\t<div class=\"elementor-element elementor-element-e9edbbb e-con-full e-flex e-con e-child\" data-id=\"e9edbbb\" data-element_type=\"container\" data-settings=\"{&quot;background_background&quot;:&quot;classic&quot;}\">\n\t\t\t\t<\/div>\n\t\t\t\t<\/div>\n\t\t<div class=\"elementor-element elementor-element-5b7d268 e-con-full fade-bloc e-flex e-con e-parent\" data-id=\"5b7d268\" data-element_type=\"container\">\n\t\t<div class=\"elementor-element elementor-element-a79d57c e-con-full fade-content e-flex e-con e-child\" data-id=\"a79d57c\" data-element_type=\"container\" data-settings=\"{&quot;background_background&quot;:&quot;classic&quot;}\">\n\t\t<div class=\"elementor-element elementor-element-63e8ab3 e-flex e-con-boxed e-con e-child\" data-id=\"63e8ab3\" data-element_type=\"container\">\n\t\t\t\t\t<div class=\"e-con-inner\">\n\t\t\t\t<div class=\"elementor-element elementor-element-48ff171 fade-title elementor-widget elementor-widget-heading\" data-id=\"48ff171\" data-element_type=\"widget\" data-widget_type=\"heading.default\">\n\t\t\t\t<div class=\"elementor-widget-container\">\n\t\t\t\t\t<h2 class=\"elementor-heading-title elementor-size-default\">Servicio de habitaciones<\/h2>\t\t\t\t<\/div>\n\t\t\t\t<\/div>\n\t\t\t\t<div class=\"elementor-element elementor-element-91aaa8e fade-text elementor-widget elementor-widget-text-editor\" data-id=\"91aaa8e\" data-element_type=\"widget\" data-widget_type=\"text-editor.default\">\n\t\t\t\t<div class=\"elementor-widget-container\">\n\t\t\t\t\t\t\t\t\t<p>Para aquellos que prefieren quedarse en la intimidad de su habitaci\u00f3n por la ma\u00f1ana temprano, nuestro hotel dispone de servicio de habitaciones para que sea el desayuno el que vaya a usted y no al rev\u00e9s. Dir\u00edjase a la recepci\u00f3n para pedir su desayuno en la habitaci\u00f3n y saboree nuestros deliciosos productos ecol\u00f3gicos en la intimidad de su habitaci\u00f3n.<\/p>\t\t\t\t\t\t\t\t<\/div>\n\t\t\t\t<\/div>\n\t\t\t\t\t<\/div>\n\t\t\t\t<\/div>\n\t\t\t\t<\/div>\n\t\t<div class=\"elementor-element elementor-element-33650a7 e-con-full e-flex e-con e-child\" data-id=\"33650a7\" data-element_type=\"container\" data-settings=\"{&quot;background_background&quot;:&quot;classic&quot;}\">\n\t\t\t\t<\/div>\n\t\t\t\t<\/div>\n\t\t<div class=\"elementor-element elementor-element-c691194 e-con-full fade-bloc e-flex e-con e-parent\" data-id=\"c691194\" data-element_type=\"container\">\n\t\t<div class=\"elementor-element elementor-element-ce3f05b e-con-full fade-content e-flex e-con e-child\" data-id=\"ce3f05b\" data-element_type=\"container\" data-settings=\"{&quot;background_background&quot;:&quot;classic&quot;}\">\n\t\t<div class=\"elementor-element elementor-element-d30fa3b e-flex e-con-boxed e-con e-child\" data-id=\"d30fa3b\" data-element_type=\"container\">\n\t\t\t\t\t<div class=\"e-con-inner\">\n\t\t\t\t<div class=\"elementor-element elementor-element-09f64a2 fade-title elementor-widget elementor-widget-heading\" data-id=\"09f64a2\" data-element_type=\"widget\" data-widget_type=\"heading.default\">\n\t\t\t\t<div class=\"elementor-widget-container\">\n\t\t\t\t\t<h2 class=\"elementor-heading-title elementor-size-default\">Bar y aperitivos bajo demanda<\/h2>\t\t\t\t<\/div>\n\t\t\t\t<\/div>\n\t\t\t\t<div class=\"elementor-element elementor-element-1ebd5f8 fade-text elementor-widget elementor-widget-text-editor\" data-id=\"1ebd5f8\" data-element_type=\"widget\" data-widget_type=\"text-editor.default\">\n\t\t\t\t<div class=\"elementor-widget-container\">\n\t\t\t\t\t\t\t\t\t<p>Despu\u00e9s de un d\u00eda de turismo o de trabajo, disfrute de un momento de relax en el bar del hotel Plazza N\u00eemes. En un ambiente acogedor, podr\u00e1 saborear una bebida refrescante, un caf\u00e9 o una copa en toda tranquilidad. Para acompa\u00f1ar esta pausa, tambi\u00e9n hay disponible un servicio de aperitivos bajo petici\u00f3n. Ideal para saciar el apetito, ofrece una selecci\u00f3n de productos ligeros y pr\u00e1cticos para degustar sobre la marcha, perfectos para un tentempi\u00e9 gourmet en cualquier momento del d\u00eda. \u00a1Tambi\u00e9n disponible en el servicio de habitaciones!<\/p>\t\t\t\t\t\t\t\t<\/div>\n\t\t\t\t<\/div>\n\t\t\t\t<div class=\"elementor-element elementor-element-ff519c6 elementor-hidden-desktop elementor-hidden-tablet elementor-hidden-mobile elementor-widget elementor-widget-button\" data-id=\"ff519c6\" data-element_type=\"widget\" data-widget_type=\"button.default\">\n\t\t\t\t<div class=\"elementor-widget-container\">\n\t\t\t\t\t\t\t\t\t<div class=\"elementor-button-wrapper\">\n\t\t\t\t\t<a class=\"elementor-button elementor-button-link elementor-size-sm\" href=\"#\">\n\t\t\t\t\t\t<span class=\"elementor-button-content-wrapper\">\n\t\t\t\t\t\t<span class=\"elementor-button-icon\">\n\t\t\t\t<i aria-hidden=\"true\" class=\"eliofont eliofont-room-service\"><\/i>\t\t\t<\/span>\n\t\t\t\t\t\t\t\t\t<span class=\"elementor-button-text\">Ver el mapa<\/span>\n\t\t\t\t\t<\/span>\n\t\t\t\t\t<\/a>\n\t\t\t\t<\/div>\n\t\t\t\t\t\t\t\t<\/div>\n\t\t\t\t<\/div>\n\t\t\t\t\t<\/div>\n\t\t\t\t<\/div>\n\t\t\t\t<\/div>\n\t\t<div class=\"elementor-element elementor-element-c2b1d44 e-con-full e-flex e-con e-child\" data-id=\"c2b1d44\" data-element_type=\"container\" data-settings=\"{&quot;background_background&quot;:&quot;classic&quot;}\">\n\t\t\t\t<\/div>\n\t\t\t\t<\/div>\n\t\t<div class=\"elementor-element elementor-element-870f52d e-con-full maillage e-flex e-con e-parent\" data-id=\"870f52d\" data-element_type=\"container\">\n\t\t<div class=\"elementor-element elementor-element-d1e89af fade-maillage-container e-flex e-con-boxed e-con e-child\" data-id=\"d1e89af\" data-element_type=\"container\" data-settings=\"{&quot;background_background&quot;:&quot;classic&quot;}\">\n\t\t\t\t\t<div class=\"e-con-inner\">\n\t\t<div class=\"elementor-element elementor-element-c2b74f2 fade-maillage-block e-flex e-con-boxed e-con e-child\" data-id=\"c2b74f2\" data-element_type=\"container\">\n\t\t\t\t\t<div class=\"e-con-inner\">\n\t\t\t\t<div class=\"elementor-element elementor-element-f36543c fade-maillage-title elementor-widget elementor-widget-heading\" data-id=\"f36543c\" data-element_type=\"widget\" data-widget_type=\"heading.default\">\n\t\t\t\t<div class=\"elementor-widget-container\">\n\t\t\t\t\t<h2 class=\"elementor-heading-title elementor-size-default\">Habitaciones<\/h2>\t\t\t\t<\/div>\n\t\t\t\t<\/div>\n\t\t<div class=\"elementor-element elementor-element-8616aa4 fade-button button-2 e-flex e-con-boxed e-con e-child\" data-id=\"8616aa4\" data-element_type=\"container\">\n\t\t\t\t\t<div class=\"e-con-inner\">\n\t\t\t\t<div class=\"elementor-element elementor-element-af3f2af elementor-align-justify elementor-widget elementor-widget-button\" data-id=\"af3f2af\" data-element_type=\"widget\" data-widget_type=\"button.default\">\n\t\t\t\t<div class=\"elementor-widget-container\">\n\t\t\t\t\t\t\t\t\t<div class=\"elementor-button-wrapper\">\n\t\t\t\t\t<a class=\"elementor-button elementor-button-link elementor-size-sm\" href=\"https:\/\/www.hotel-plazza-nimes.fr\/es\/habitaciones\/\">\n\t\t\t\t\t\t<span class=\"elementor-button-content-wrapper\">\n\t\t\t\t\t\t\t\t\t<span class=\"elementor-button-text\">Descubra<\/span>\n\t\t\t\t\t<\/span>\n\t\t\t\t\t<\/a>\n\t\t\t\t<\/div>\n\t\t\t\t\t\t\t\t<\/div>\n\t\t\t\t<\/div>\n\t\t\t\t\t<\/div>\n\t\t\t\t<\/div>\n\t\t\t\t\t<\/div>\n\t\t\t\t<\/div>\n\t\t\t\t\t<\/div>\n\t\t\t\t<\/div>\n\t\t<div class=\"elementor-element elementor-element-af0ba30 fade-maillage-container e-flex e-con-boxed e-con e-child\" data-id=\"af0ba30\" data-element_type=\"container\" data-settings=\"{&quot;background_background&quot;:&quot;classic&quot;}\">\n\t\t\t\t\t<div class=\"e-con-inner\">\n\t\t<div class=\"elementor-element elementor-element-080ed21 fade-maillage-block e-flex e-con-boxed e-con e-child\" data-id=\"080ed21\" data-element_type=\"container\">\n\t\t\t\t\t<div class=\"e-con-inner\">\n\t\t\t\t<div class=\"elementor-element elementor-element-35c8332 fade-maillage-title elementor-widget elementor-widget-heading\" data-id=\"35c8332\" data-element_type=\"widget\" data-widget_type=\"heading.default\">\n\t\t\t\t<div class=\"elementor-widget-container\">\n\t\t\t\t\t<h2 class=\"elementor-heading-title elementor-size-default\">Reuniones y<br \/>eventos<\/h2>\t\t\t\t<\/div>\n\t\t\t\t<\/div>\n\t\t<div class=\"elementor-element elementor-element-a1facc7 fade-button button-2 e-flex e-con-boxed e-con e-child\" data-id=\"a1facc7\" data-element_type=\"container\">\n\t\t\t\t\t<div class=\"e-con-inner\">\n\t\t\t\t<div class=\"elementor-element elementor-element-6b3c6cc elementor-align-justify elementor-widget elementor-widget-button\" data-id=\"6b3c6cc\" data-element_type=\"widget\" data-widget_type=\"button.default\">\n\t\t\t\t<div class=\"elementor-widget-container\">\n\t\t\t\t\t\t\t\t\t<div class=\"elementor-button-wrapper\">\n\t\t\t\t\t<a class=\"elementor-button elementor-button-link elementor-size-sm\" href=\"https:\/\/www.hotel-plazza-nimes.fr\/es\/reuniones-eventos\/\">\n\t\t\t\t\t\t<span class=\"elementor-button-content-wrapper\">\n\t\t\t\t\t\t\t\t\t<span class=\"elementor-button-text\">Descubra<\/span>\n\t\t\t\t\t<\/span>\n\t\t\t\t\t<\/a>\n\t\t\t\t<\/div>\n\t\t\t\t\t\t\t\t<\/div>\n\t\t\t\t<\/div>\n\t\t\t\t\t<\/div>\n\t\t\t\t<\/div>\n\t\t\t\t\t<\/div>\n\t\t\t\t<\/div>\n\t\t\t\t\t<\/div>\n\t\t\t\t<\/div>\n\t\t<div class=\"elementor-element elementor-element-9726ecb fade-maillage-container e-flex e-con-boxed e-con e-child\" data-id=\"9726ecb\" data-element_type=\"container\" data-settings=\"{&quot;background_background&quot;:&quot;classic&quot;}\">\n\t\t\t\t\t<div class=\"e-con-inner\">\n\t\t<div class=\"elementor-element elementor-element-ddd7fe4 fade-maillage-block e-flex e-con-boxed e-con e-child\" data-id=\"ddd7fe4\" data-element_type=\"container\">\n\t\t\t\t\t<div class=\"e-con-inner\">\n\t\t\t\t<div class=\"elementor-element elementor-element-30578cf fade-maillage-title elementor-widget elementor-widget-heading\" data-id=\"30578cf\" data-element_type=\"widget\" data-widget_type=\"heading.default\">\n\t\t\t\t<div class=\"elementor-widget-container\">\n\t\t\t\t\t<h2 class=\"elementor-heading-title elementor-size-default\">Turismo<\/h2>\t\t\t\t<\/div>\n\t\t\t\t<\/div>\n\t\t<div class=\"elementor-element elementor-element-9466bc9 fade-button button-2 e-flex e-con-boxed e-con e-child\" data-id=\"9466bc9\" data-element_type=\"container\">\n\t\t\t\t\t<div class=\"e-con-inner\">\n\t\t\t\t<div class=\"elementor-element elementor-element-122f66d elementor-align-justify elementor-widget elementor-widget-button\" data-id=\"122f66d\" data-element_type=\"widget\" data-widget_type=\"button.default\">\n\t\t\t\t<div class=\"elementor-widget-container\">\n\t\t\t\t\t\t\t\t\t<div class=\"elementor-button-wrapper\">\n\t\t\t\t\t<a class=\"elementor-button elementor-button-link elementor-size-sm\" href=\"https:\/\/www.hotel-plazza-nimes.fr\/es\/turismo\/\">\n\t\t\t\t\t\t<span class=\"elementor-button-content-wrapper\">\n\t\t\t\t\t\t\t\t\t<span class=\"elementor-button-text\">Descubra<\/span>\n\t\t\t\t\t<\/span>\n\t\t\t\t\t<\/a>\n\t\t\t\t<\/div>\n\t\t\t\t\t\t\t\t<\/div>\n\t\t\t\t<\/div>\n\t\t\t\t\t<\/div>\n\t\t\t\t<\/div>\n\t\t\t\t\t<\/div>\n\t\t\t\t<\/div>\n\t\t\t\t\t<\/div>\n\t\t\t\t<\/div>\n\t\t\t\t<\/div>\n\t\t\t\t<\/div>","protected":false},"excerpt":{"rendered":"<p>Restauration Un petit d\u00e9jeuner \u00e0 N\u00eemes Buffet petit-d\u00e9jeuner Chaque matin, l\u2019h\u00f4tel Plazza \u00e0 N\u00eemes propose un buffet petit-d\u00e9jeuner complet, alliant fra\u00eecheur et diversit\u00e9. Les h\u00f4tes peuvent y savourer jus de fruits, viennoiseries pur beurre, ainsi qu\u2019un large assortiment de boissons chaudes et d\u2019accompagnements sucr\u00e9s ou sal\u00e9s. Ce service \u00e0 volont\u00e9 permet de d\u00e9buter la journ\u00e9e [&hellip;]<\/p>","protected":false},"author":7,"featured_media":0,"parent":0,"menu_order":0,"comment_status":"closed","ping_status":"closed","template":"","meta":{"_acf_changed":false,"inline_featured_image":false,"footnotes":""},"class_list":["post-65","page","type-page","status-publish","hentry"],"acf":[],"_links":{"self":[{"href":"https:\/\/www.hotel-plazza-nimes.fr\/es\/wp-json\/wp\/v2\/pages\/65","targetHints":{"allow":["GET"]}}],"collection":[{"href":"https:\/\/www.hotel-plazza-nimes.fr\/es\/wp-json\/wp\/v2\/pages"}],"about":[{"href":"https:\/\/www.hotel-plazza-nimes.fr\/es\/wp-json\/wp\/v2\/types\/page"}],"author":[{"embeddable":true,"href":"https:\/\/www.hotel-plazza-nimes.fr\/es\/wp-json\/wp\/v2\/users\/7"}],"replies":[{"embeddable":true,"href":"https:\/\/www.hotel-plazza-nimes.fr\/es\/wp-json\/wp\/v2\/comments?post=65"}],"version-history":[{"count":161,"href":"https:\/\/www.hotel-plazza-nimes.fr\/es\/wp-json\/wp\/v2\/pages\/65\/revisions"}],"predecessor-version":[{"id":4033,"href":"https:\/\/www.hotel-plazza-nimes.fr\/es\/wp-json\/wp\/v2\/pages\/65\/revisions\/4033"}],"wp:attachment":[{"href":"https:\/\/www.hotel-plazza-nimes.fr\/es\/wp-json\/wp\/v2\/media?parent=65"}],"curies":[{"name":"wp","href":"https:\/\/api.w.org\/{rel}","templated":true}]}}