{"id":552,"date":"2023-06-20T11:53:21","date_gmt":"2023-06-20T09:53:21","guid":{"rendered":"https:\/\/www.hotel-plazza-nimes.fr\/?page_id=552"},"modified":"2025-11-17T16:06:14","modified_gmt":"2025-11-17T15:06:14","slug":"aviso-legal","status":"publish","type":"page","link":"https:\/\/www.hotel-plazza-nimes.fr\/es\/aviso-legal\/","title":{"rendered":"Informaci\u00f3n jur\u00eddica"},"content":{"rendered":"<div data-elementor-type=\"wp-page\" data-elementor-id=\"552\" class=\"elementor elementor-552\" data-elementor-post-type=\"page\">\n\t\t\t\t<div class=\"elementor-element elementor-element-9f1f65c e-con-full e-flex e-con e-parent\" data-id=\"9f1f65c\" data-element_type=\"container\" data-settings=\"{&quot;background_background&quot;:&quot;classic&quot;}\">\n\t\t\t\t<div class=\"elementor-element elementor-element-8ce5408 elementor-widget elementor-widget-heading\" data-id=\"8ce5408\" data-element_type=\"widget\" data-widget_type=\"heading.default\">\n\t\t\t\t<div class=\"elementor-widget-container\">\n\t\t\t\t\t<h2 class=\"elementor-heading-title elementor-size-default\">Informaci\u00f3n jur\u00eddica<\/h2>\t\t\t\t<\/div>\n\t\t\t\t<\/div>\n\t\t\t\t<\/div>\n\t\t<div class=\"elementor-element elementor-element-2053f46 e-con-full e-flex e-con e-parent\" data-id=\"2053f46\" data-element_type=\"container\">\n\t\t\t\t<div class=\"elementor-element elementor-element-9e5ac93 elementor-widget__width-initial elementor-widget elementor-widget-text-editor\" data-id=\"9e5ac93\" data-element_type=\"widget\" data-widget_type=\"text-editor.default\">\n\t\t\t\t<div class=\"elementor-widget-container\">\n\t\t\t\t\t\t\t\t\t<main id=\"content\" class=\"site-main post-840 page type-page status-publish hentry\" role=\"main\" data-rocket-location-hash=\"e5dc03fc8860afad52510871aba4bce1\"><\/main><div class=\"page-content\" data-rocket-location-hash=\"65df79cf2c1096997cc65fbe9ebd67f2\"><div class=\"elementor elementor-840\" data-rocket-location-hash=\"9f6fab2413dbb419112a12ad60b727ba\" data-elementor-type=\"wp-page\" data-elementor-id=\"840\" data-elementor-post-type=\"page\"><div class=\"elementor-element elementor-element-2784abd e-flex e-con-boxed e-con e-parent e-lazyloaded\" data-id=\"2784abd\" data-element_type=\"container\" data-settings=\"{&quot;background_background&quot;:&quot;classic&quot;}\"><div class=\"e-con-inner\"><div class=\"elementor-element elementor-element-00ac295 elementor-widget elementor-widget-text-editor\" data-id=\"00ac295\" data-element_type=\"widget\" data-widget_type=\"text-editor.default\"><div class=\"elementor-widget-container\"><div><p><strong>Raz\u00f3n social de la empresa explotadora:\u00a0<\/strong>HOTEL PLAZZA N\u00ceMES<\/p><p><strong>N\u00famero Siret:<\/strong> 34271225400016<\/p><p><strong>Cr\u00e9dito de la foto:<\/strong> \u00a9Eliophot \u00a9GettyImages (fotos no contractuales) \u00a9Hotel Plazza N\u00eemes<br \/>Las fotos de las habitaciones se proporcionan a t\u00edtulo indicativo. El alojamiento asignado puede variar seg\u00fan la disponibilidad y la configuraci\u00f3n.<\/p><p>\u00a0<\/p><\/div><ol><li><strong>Objeto del sitio web<\/strong><\/li><\/ol><p>El sitio web de Plazza Hotel est\u00e1 dedicado a la promoci\u00f3n del establecimiento, al suministro de informaci\u00f3n y a la recopilaci\u00f3n de datos personales para las necesidades de la reserva y la gesti\u00f3n de la relaci\u00f3n con el cliente.<\/p><p>Responsabilidad<\/p><p>Directora de la publicaci\u00f3n: Sandrine RUFFAT<\/p><p>Responsable editorial: Sandrine RUFFAT<\/p><p>Webmaster, dise\u00f1o, edici\u00f3n, alojamiento: Eliophot +  Hetzner Online GmbH \u2013 Industriestr. 25 \u2013 91710 Gunzenhausen \u2013 Alemania<\/p><p>\u00a0<\/p><ol start=\"2\"><li><strong>Recopilaci\u00f3n de datos personales<\/strong><\/li><\/ol><p>El sitio web del Hotel Plazza recopila datos personales en l\u00ednea en el marco de la reserva de habitaciones y la gesti\u00f3n de su estancia.<\/p><p>De conformidad con la Ley de Protecci\u00f3n de Datos, este sitio web ha sido declarado ante la Comisi\u00f3n Nacional de Protecci\u00f3n de Datos (CNIL). Usted tiene derecho a acceder, modificar, rectificar y eliminar los datos personales que le conciernen. Para ejercer este derecho, puede ponerse en contacto con nosotros en la siguiente direcci\u00f3n:\u00a0<\/p><p>\u00a0<\/p><ol start=\"3\"><li><strong>Propiedad intelectual<\/strong><\/li><\/ol><p>Toda la informaci\u00f3n, contenidos, logotipos, textos, im\u00e1genes y dem\u00e1s elementos presentes en el sitio web est\u00e1n protegidos por la legislaci\u00f3n francesa y los convenios internacionales relativos a la propiedad intelectual.<\/p><p>Queda terminantemente prohibida cualquier reproducci\u00f3n, difusi\u00f3n o modificaci\u00f3n, total o parcial, sin la autorizaci\u00f3n previa del Hotel Plazza, salvo en el marco del uso privado o familiar.<\/p><p>\u00a0<\/p><ol start=\"4\"><li><strong>Litigios y mediaci\u00f3n<\/strong><\/li><\/ol><p>En caso de litigio, le invitamos a ponerse en contacto con nuestro servicio de atenci\u00f3n al cliente para intentar resolver el problema de forma amistosa.<\/p><p>\u00a0<\/p><p>Si no se llega a una soluci\u00f3n amistosa, el consumidor puede recurrir gratuitamente a un mediador de consumo, concretamente a la Asociaci\u00f3n de Mediadores Europeos (AME CONSO), en el plazo de un (1) a\u00f1o a partir de la reclamaci\u00f3n por escrito enviada al hotel.<\/p><p>\u00a0<\/p><p><span style=\"text-decoration: underline;\">Puede ponerse en contacto con el mediador:<\/span><\/p><p>En l\u00ednea, a trav\u00e9s del formulario disponible en el sitio web: www.mediationconso-ame.com<\/p><p>Por correo postal, a la siguiente direcci\u00f3n:<\/p><p>AME CONSO \u2013 11 place Dauphine \u2013 75001 PAR\u00cdS<\/p><p>\u00a0<\/p><ol start=\"5\"><li><strong>Legislaci\u00f3n aplicable y resoluci\u00f3n de litigios en l\u00ednea<\/strong><\/li><\/ol><p>De conformidad con el art\u00edculo 14 del Reglamento (UE) n.\u00ba 524\/2013, la Comisi\u00f3n Europea pone a disposici\u00f3n una plataforma de resoluci\u00f3n de litigios en l\u00ednea (RLL). Puede acceder a ella a trav\u00e9s del siguiente enlace:<\/p><p>\ud83d\udc49 https:\/\/ec.europa.eu\/consumers\/odr\/<\/p><p>\u00a0<\/p><ol start=\"6\"><li><strong>Ausencia de derecho de desistimiento<\/strong><\/li><\/ol><p>De conformidad con el art\u00edculo L.221-28 del C\u00f3digo de Consumo, el derecho de desistimiento no se aplica a los servicios de alojamiento prestados en una fecha o con una periodicidad determinadas.<\/p><p>\u00a0<\/p><ol start=\"7\"><li><strong>Responsabilidad limitada del editor<\/strong><\/li><\/ol><p>El editor del sitio web pone a disposici\u00f3n de los usuarios informaci\u00f3n y herramientas que considera fiables. Sin embargo, no se hace responsable de los errores, la indisponibilidad de las funciones o la presencia de virus en el sitio web.<\/p><p>\u00a0<\/p><p>La informaci\u00f3n presente en el sitio web se proporciona a t\u00edtulo indicativo y no sustituye el asesoramiento personalizado. El editor no garantiza en ning\u00fan caso la exactitud, integridad o actualidad de dicha informaci\u00f3n.<\/p><p>Adem\u00e1s, el sitio web puede contener enlaces a sitios web de terceros. El editor no asume ninguna responsabilidad por el contenido de dichos sitios web y no se hace responsable de los da\u00f1os directos o indirectos que puedan derivarse de su uso.<\/p><p>\u00a0<\/p><p>Puede oponerse a las llamadas comerciales registr\u00e1ndose gratuitamente en la lista Bloctel:\u00a0<a href=\"https:\/\/www.bloctel.gouv.fr\/\" rel=\"nofollow noopener\" target=\"_blank\">https:\/\/www.bloctel.gouv.fr<\/a>. Respetamos la lista Bloctel y nos comprometemos a no ponernos en contacto con usted si figura en ella.<\/p><\/div><\/div><\/div><\/div><\/div><\/div>\t\t\t\t\t\t\t\t<\/div>\n\t\t\t\t<\/div>\n\t\t\t\t<\/div>\n\t\t\t\t<\/div>","protected":false},"excerpt":{"rendered":"<p>Raison sociale de la soci\u00e9t\u00e9 exploitante :\u00a0H\u00d4TEL PLAZZA N\u00ceMES Num\u00e9ro Siret : 34271225400016 Cr\u00e9dit photo : \u00a9Eliophot \u00a9GettyImages (photos non contractuelles) \u00a9H\u00f4tel Plazza N\u00eemesLes photos des chambres sont fournies \u00e0 titre indicatif. L\u2019h\u00e9bergement attribu\u00e9 peut varier selon la disponibilit\u00e9 et la configuration. \u00a0 Objet du site Le site internet de Plazza H\u00f4tel est d\u00e9di\u00e9 \u00e0 [&hellip;]<\/p>","protected":false},"author":7,"featured_media":0,"parent":0,"menu_order":0,"comment_status":"closed","ping_status":"closed","template":"","meta":{"_acf_changed":false,"inline_featured_image":false,"footnotes":""},"class_list":["post-552","page","type-page","status-publish","hentry"],"acf":[],"_links":{"self":[{"href":"https:\/\/www.hotel-plazza-nimes.fr\/es\/wp-json\/wp\/v2\/pages\/552","targetHints":{"allow":["GET"]}}],"collection":[{"href":"https:\/\/www.hotel-plazza-nimes.fr\/es\/wp-json\/wp\/v2\/pages"}],"about":[{"href":"https:\/\/www.hotel-plazza-nimes.fr\/es\/wp-json\/wp\/v2\/types\/page"}],"author":[{"embeddable":true,"href":"https:\/\/www.hotel-plazza-nimes.fr\/es\/wp-json\/wp\/v2\/users\/7"}],"replies":[{"embeddable":true,"href":"https:\/\/www.hotel-plazza-nimes.fr\/es\/wp-json\/wp\/v2\/comments?post=552"}],"version-history":[{"count":25,"href":"https:\/\/www.hotel-plazza-nimes.fr\/es\/wp-json\/wp\/v2\/pages\/552\/revisions"}],"predecessor-version":[{"id":3862,"href":"https:\/\/www.hotel-plazza-nimes.fr\/es\/wp-json\/wp\/v2\/pages\/552\/revisions\/3862"}],"wp:attachment":[{"href":"https:\/\/www.hotel-plazza-nimes.fr\/es\/wp-json\/wp\/v2\/media?parent=552"}],"curies":[{"name":"wp","href":"https:\/\/api.w.org\/{rel}","templated":true}]}}