{"id":3484,"date":"2025-07-25T08:58:56","date_gmt":"2025-07-25T06:58:56","guid":{"rendered":"https:\/\/www.hotel-plazza-nimes.fr\/?page_id=3484"},"modified":"2025-11-24T10:06:24","modified_gmt":"2025-11-24T09:06:24","slug":"politica-de-privacidad","status":"publish","type":"page","link":"https:\/\/www.hotel-plazza-nimes.fr\/es\/politica-de-privacidad\/","title":{"rendered":"Pol\u00edtica de privacidad"},"content":{"rendered":"<div data-elementor-type=\"wp-page\" data-elementor-id=\"3484\" class=\"elementor elementor-3484\" data-elementor-post-type=\"page\">\n\t\t\t\t<div class=\"elementor-element elementor-element-9f1f65c e-con-full e-flex e-con e-parent\" data-id=\"9f1f65c\" data-element_type=\"container\" data-settings=\"{&quot;background_background&quot;:&quot;classic&quot;}\">\n\t\t\t\t<div class=\"elementor-element elementor-element-8ce5408 elementor-widget elementor-widget-heading\" data-id=\"8ce5408\" data-element_type=\"widget\" data-widget_type=\"heading.default\">\n\t\t\t\t<div class=\"elementor-widget-container\">\n\t\t\t\t\t<h2 class=\"elementor-heading-title elementor-size-default\">Pol\u00edtica de privacidad<\/h2>\t\t\t\t<\/div>\n\t\t\t\t<\/div>\n\t\t\t\t<\/div>\n\t\t<div class=\"elementor-element elementor-element-2053f46 e-con-full e-flex e-con e-parent\" data-id=\"2053f46\" data-element_type=\"container\">\n\t\t\t\t<div class=\"elementor-element elementor-element-9e5ac93 elementor-widget__width-initial elementor-widget elementor-widget-text-editor\" data-id=\"9e5ac93\" data-element_type=\"widget\" data-widget_type=\"text-editor.default\">\n\t\t\t\t<div class=\"elementor-widget-container\">\n\t\t\t\t\t\t\t\t\t<p>Nos complace darle la bienvenida a nuestro sitio web y comprendemos la importancia de proteger su informaci\u00f3n personal. Nos comprometemos a respetar su derecho a la confidencialidad y a la protecci\u00f3n de sus datos. Esta pol\u00edtica explica qu\u00e9 tipo de informaci\u00f3n personal recopilamos, c\u00f3mo la utilizamos y en qu\u00e9 casos podemos divulgarla. Al utilizar nuestro sitio, usted acepta que su informaci\u00f3n personal sea tratada de acuerdo con esta pol\u00edtica de privacidad.<\/p><ol><li><strong>Recopilaci\u00f3n de informaci\u00f3n personal<\/strong><\/li><\/ol><p>Al realizar una reserva en nuestro hotel, se le pedir\u00e1 que facilite cierta informaci\u00f3n personal, como su nombre, direcci\u00f3n de correo electr\u00f3nico, direcci\u00f3n postal, fecha de nacimiento, n\u00fameros de tel\u00e9fono, detalles de la reserva e informaci\u00f3n relacionada con sus eventos. Esta informaci\u00f3n es necesaria para completar la transacci\u00f3n, realizar las reservas y ofrecerle un servicio personalizado.<\/p><p>Adem\u00e1s, se recopila cierta informaci\u00f3n para procesar los pagos, como los n\u00fameros de las tarjetas de cr\u00e9dito. Es importante se\u00f1alar que no es seguro transmitir esta informaci\u00f3n por correo electr\u00f3nico, SMS o redes sociales.<\/p><ol start=\"2\"><li><strong>Uso de la informaci\u00f3n<\/strong><\/li><\/ol><p>La informaci\u00f3n que nos proporciona nos permite:<\/p><p>Identificamos y nos comunicamos con usted si es necesario.<\/p><p>Personalizar nuestro servicio para satisfacer mejor sus expectativas.<\/p><p>Realizar estudios de mercado para mejorar nuestros servicios, nuestro sitio web y nuestras actividades promocionales.<\/p><p>Al realizar su reserva, tambi\u00e9n nos autoriza a a\u00f1adir su direcci\u00f3n de correo electr\u00f3nico a nuestra lista de distribuci\u00f3n para enviarle ofertas comerciales. Puede acceder a su informaci\u00f3n personal, modificarla o eliminarla en cualquier momento. Si desea dejar de recibir nuestras comunicaciones, puede hacer clic en el enlace \u00abNo recibir m\u00e1s nuestros correos electr\u00f3nicos\u00bb que aparece en nuestros correos electr\u00f3nicos o ponerse en contacto con nosotros directamente en la siguiente direcci\u00f3n: <a href=\"mailto:plazza.nimescentre@hotmail.com\">plazza.nimescentre@hotmail.com<\/a><\/p><ol start=\"3\"><li><strong>Cookies y widgets de redes sociales<\/strong><\/li><\/ol><p>Para mejorar su experiencia en nuestro sitio web y optimizar la navegaci\u00f3n, utilizamos cookies y balizas de conversi\u00f3n. Estas tecnolog\u00edas recopilan informaci\u00f3n est\u00e1ndar, como su direcci\u00f3n IP, el tipo de navegador, el idioma de su navegador y los sitios que ha visitado antes de llegar a nuestro sitio web. Esta informaci\u00f3n nos ayuda a analizar las tendencias y mejorar la eficacia del sitio web.<\/p><p>Utilizamos la soluci\u00f3n Axeptio para gestionar su consentimiento en relaci\u00f3n con las cookies. Durante su primera visita, aparecer\u00e1 un banner de consentimiento y podr\u00e1 elegir entre aceptar o rechazar el uso de cookies no esenciales. Tambi\u00e9n puede personalizar sus preferencias y gestionar sus cookies en cualquier momento a trav\u00e9s del icono de Axeptio que aparece en nuestro sitio web.<\/p><p>Las cookies necesarias para el correcto funcionamiento del sitio web no se pueden desactivar, mientras que usted tiene la posibilidad de desactivar los dem\u00e1s tipos de cookies si lo desea.<\/p><ol start=\"4\"><li><strong>Seguridad de los datos<\/strong><\/li><\/ol><p>Implementamos medidas de seguridad para proteger su informaci\u00f3n personal contra el acceso no autorizado, la modificaci\u00f3n o la divulgaci\u00f3n. Sin embargo, ning\u00fan m\u00e9todo de transmisi\u00f3n o almacenamiento electr\u00f3nico es totalmente seguro. Por lo tanto, le recomendamos que tome todas las precauciones necesarias para proteger sus datos personales.<\/p><ol start=\"5\"><li><strong>Cambios en la pol\u00edtica de privacidad<\/strong><\/li><\/ol><p>Nos reservamos el derecho a modificar esta pol\u00edtica de privacidad en cualquier momento. Cualquier modificaci\u00f3n se publicar\u00e1 en esta p\u00e1gina con la fecha de actualizaci\u00f3n. Le recomendamos que consulte esta p\u00e1gina peri\u00f3dicamente para mantenerse informado de cualquier cambio.<\/p><ol start=\"6\"><li><strong>Contacto<\/strong><\/li><\/ol><p>Si tiene alguna pregunta o duda sobre nuestra pol\u00edtica de privacidad, no dude en ponerse en contacto con nosotros en la siguiente direcci\u00f3n: <a href=\"mailto:plazza.nimescentre@hotmail.com\">plazza.nimescentre@hotmail.com<\/a><\/p>\t\t\t\t\t\t\t\t<\/div>\n\t\t\t\t<\/div>\n\t\t\t\t<\/div>\n\t\t\t\t<\/div>","protected":false},"excerpt":{"rendered":"<p>Nous sommes ravis de vous accueillir sur notre site internet et nous comprenons l\u2019importance de prot\u00e9ger vos informations personnelles. Nous nous engageons \u00e0 respecter votre droit \u00e0 la confidentialit\u00e9 et \u00e0 la protection de vos donn\u00e9es. Cette politique explique quels types de renseignements personnels nous recueillons, comment nous les utilisons et dans quels cas nous [&hellip;]<\/p>","protected":false},"author":13,"featured_media":0,"parent":0,"menu_order":0,"comment_status":"closed","ping_status":"closed","template":"","meta":{"_acf_changed":false,"inline_featured_image":false,"footnotes":""},"class_list":["post-3484","page","type-page","status-publish","hentry"],"acf":[],"_links":{"self":[{"href":"https:\/\/www.hotel-plazza-nimes.fr\/es\/wp-json\/wp\/v2\/pages\/3484","targetHints":{"allow":["GET"]}}],"collection":[{"href":"https:\/\/www.hotel-plazza-nimes.fr\/es\/wp-json\/wp\/v2\/pages"}],"about":[{"href":"https:\/\/www.hotel-plazza-nimes.fr\/es\/wp-json\/wp\/v2\/types\/page"}],"author":[{"embeddable":true,"href":"https:\/\/www.hotel-plazza-nimes.fr\/es\/wp-json\/wp\/v2\/users\/13"}],"replies":[{"embeddable":true,"href":"https:\/\/www.hotel-plazza-nimes.fr\/es\/wp-json\/wp\/v2\/comments?post=3484"}],"version-history":[{"count":13,"href":"https:\/\/www.hotel-plazza-nimes.fr\/es\/wp-json\/wp\/v2\/pages\/3484\/revisions"}],"predecessor-version":[{"id":4042,"href":"https:\/\/www.hotel-plazza-nimes.fr\/es\/wp-json\/wp\/v2\/pages\/3484\/revisions\/4042"}],"wp:attachment":[{"href":"https:\/\/www.hotel-plazza-nimes.fr\/es\/wp-json\/wp\/v2\/media?parent=3484"}],"curies":[{"name":"wp","href":"https:\/\/api.w.org\/{rel}","templated":true}]}}