{"id":1485,"date":"2023-07-04T12:14:34","date_gmt":"2023-07-04T10:14:34","guid":{"rendered":"https:\/\/www.hotel-plazza-nimes.fr\/?page_id=1485"},"modified":"2025-11-17T15:28:01","modified_gmt":"2025-11-17T14:28:01","slug":"casa-cuadrada-nimes","status":"publish","type":"page","link":"https:\/\/www.hotel-plazza-nimes.fr\/es\/turismo\/casa-cuadrada-nimes\/","title":{"rendered":"Casa Cuadrada"},"content":{"rendered":"<div data-elementor-type=\"wp-page\" data-elementor-id=\"1485\" class=\"elementor elementor-1485\" data-elementor-post-type=\"page\">\n\t\t\t\t<div class=\"elementor-element elementor-element-21a5f571 e-con-full e-flex e-con e-parent\" data-id=\"21a5f571\" data-element_type=\"container\" data-settings=\"{&quot;background_background&quot;:&quot;classic&quot;}\">\n\t\t\t\t<div class=\"elementor-element elementor-element-2d3625ad elementor-widget elementor-widget-heading\" data-id=\"2d3625ad\" data-element_type=\"widget\" data-widget_type=\"heading.default\">\n\t\t\t\t<div class=\"elementor-widget-container\">\n\t\t\t\t\t<span class=\"elementor-heading-title elementor-size-default\">Casa Cuadrada<\/span>\t\t\t\t<\/div>\n\t\t\t\t<\/div>\n\t\t\t\t<div class=\"elementor-element elementor-element-7fcbf83 elementor-widget elementor-widget-heading\" data-id=\"7fcbf83\" data-element_type=\"widget\" data-widget_type=\"heading.default\">\n\t\t\t\t<div class=\"elementor-widget-container\">\n\t\t\t\t\t<h1 class=\"elementor-heading-title elementor-size-default\">Visita la Maison Carr\u00e9e en Nimes<\/h1>\t\t\t\t<\/div>\n\t\t\t\t<\/div>\n\t\t\t\t<\/div>\n\t\t<div class=\"elementor-element elementor-element-8b98dc5 e-con-full fade-bloc e-flex e-con e-parent\" data-id=\"8b98dc5\" data-element_type=\"container\" data-settings=\"{&quot;background_background&quot;:&quot;classic&quot;}\">\n\t\t<div class=\"elementor-element elementor-element-ab57f8e e-con-full fade-content e-flex e-con e-child\" data-id=\"ab57f8e\" data-element_type=\"container\" data-settings=\"{&quot;background_background&quot;:&quot;classic&quot;}\">\n\t\t<div class=\"elementor-element elementor-element-a5cfbd0 e-flex e-con-boxed e-con e-child\" data-id=\"a5cfbd0\" data-element_type=\"container\">\n\t\t\t\t\t<div class=\"e-con-inner\">\n\t\t\t\t<div class=\"elementor-element elementor-element-411b5c9 fade-title elementor-widget elementor-widget-heading\" data-id=\"411b5c9\" data-element_type=\"widget\" data-widget_type=\"heading.default\">\n\t\t\t\t<div class=\"elementor-widget-container\">\n\t\t\t\t\t<h2 class=\"elementor-heading-title elementor-size-default\">Una joya de la Antig\u00fcedad romana<\/h2>\t\t\t\t<\/div>\n\t\t\t\t<\/div>\n\t\t\t\t<div class=\"elementor-element elementor-element-cf38945 fade-subtext elementor-widget elementor-widget-text-editor\" data-id=\"cf38945\" data-element_type=\"widget\" data-widget_type=\"text-editor.default\">\n\t\t\t\t<div class=\"elementor-widget-container\">\n\t\t\t\t\t\t\t\t\t<p>La elegancia atemporal de un templo milenario<\/p>\t\t\t\t\t\t\t\t<\/div>\n\t\t\t\t<\/div>\n\t\t\t\t<div class=\"elementor-element elementor-element-b2743e7 fade-text elementor-widget elementor-widget-text-editor\" data-id=\"b2743e7\" data-element_type=\"widget\" data-widget_type=\"text-editor.default\">\n\t\t\t\t<div class=\"elementor-widget-container\">\n\t\t\t\t\t\t\t\t\t<p>La Maison Carr\u00e9e de Nimes es uno de los templos romanos mejor conservados del mundo. Inspirado en los templos de Apolo, fue construido en el siglo I en homenaje a los herederos de Augusto. Su armoniosa arquitectura, sus columnas corintias y su majestuoso front\u00f3n siguen fascinando hoy en d\u00eda.<\/p>\t\t\t\t\t\t\t\t<\/div>\n\t\t\t\t<\/div>\n\t\t\t\t\t<\/div>\n\t\t\t\t<\/div>\n\t\t\t\t<\/div>\n\t\t<div class=\"elementor-element elementor-element-69440c2 e-con-full e-flex e-con e-child\" data-id=\"69440c2\" data-element_type=\"container\" data-settings=\"{&quot;background_background&quot;:&quot;classic&quot;}\">\n\t\t\t\t<\/div>\n\t\t\t\t<\/div>\n\t\t<div class=\"elementor-element elementor-element-2c37ba1 e-con-full fade-bloc e-flex e-con e-parent\" data-id=\"2c37ba1\" data-element_type=\"container\">\n\t\t<div class=\"elementor-element elementor-element-fdf873a e-con-full fade-content e-flex e-con e-child\" data-id=\"fdf873a\" data-element_type=\"container\" data-settings=\"{&quot;background_background&quot;:&quot;classic&quot;}\">\n\t\t<div class=\"elementor-element elementor-element-1514018 e-flex e-con-boxed e-con e-child\" data-id=\"1514018\" data-element_type=\"container\">\n\t\t\t\t\t<div class=\"e-con-inner\">\n\t\t\t\t<div class=\"elementor-element elementor-element-1f9d61e fade-title elementor-widget elementor-widget-heading\" data-id=\"1f9d61e\" data-element_type=\"widget\" data-widget_type=\"heading.default\">\n\t\t\t\t<div class=\"elementor-widget-container\">\n\t\t\t\t\t<h2 class=\"elementor-heading-title elementor-size-default\">Casa Cuadrada de Nimes: visita imprescindible<\/h2>\t\t\t\t<\/div>\n\t\t\t\t<\/div>\n\t\t\t\t<div class=\"elementor-element elementor-element-a9ec874 fade-subtext elementor-widget elementor-widget-text-editor\" data-id=\"a9ec874\" data-element_type=\"widget\" data-widget_type=\"text-editor.default\">\n\t\t\t\t<div class=\"elementor-widget-container\">\n\t\t\t\t\t\t\t\t\t<p>Un tesoro hist\u00f3rico en el coraz\u00f3n de la ciudad<\/p>\t\t\t\t\t\t\t\t<\/div>\n\t\t\t\t<\/div>\n\t\t\t\t<div class=\"elementor-element elementor-element-a275462 fade-text elementor-widget elementor-widget-text-editor\" data-id=\"a275462\" data-element_type=\"widget\" data-widget_type=\"text-editor.default\">\n\t\t\t\t<div class=\"elementor-widget-container\">\n\t\t\t\t\t\t\t\t\t<p>Declarada Patrimonio de la Humanidad por la UNESCO, la Maison Carr\u00e9e de Nimes promete una inmersi\u00f3n \u00fanica en el arte, la historia y la cultura. Una parada obligatoria en cualquier visita a la ciudad.<\/p>\t\t\t\t\t\t\t\t<\/div>\n\t\t\t\t<\/div>\n\t\t\t\t\t<\/div>\n\t\t\t\t<\/div>\n\t\t\t\t<\/div>\n\t\t<div class=\"elementor-element elementor-element-83c4571 e-con-full e-flex e-con e-child\" data-id=\"83c4571\" data-element_type=\"container\" data-settings=\"{&quot;background_background&quot;:&quot;classic&quot;}\">\n\t\t\t\t<\/div>\n\t\t\t\t<\/div>\n\t\t\t\t<\/div>","protected":false},"excerpt":{"rendered":"<p>Visitez la Maison Carr\u00e9e \u00e0 N\u00eemes Un joyau de l\u2019Antiquit\u00e9 romaine L\u2019\u00e9l\u00e9gance intemporelle d\u2019un temple mill\u00e9naire La Maison carr\u00e9e de N\u00eemes est l\u2019un des temples romains les mieux conserv\u00e9s au monde. Inspir\u00e9e des temples d\u2019Apollon, elle fut \u00e9rig\u00e9e au Ier si\u00e8cle en hommage aux h\u00e9ritiers d\u2019Auguste. Son architecture harmonieuse, ses colonnes corinthiennes et son fronton [&hellip;]<\/p>","protected":false},"author":13,"featured_media":0,"parent":67,"menu_order":0,"comment_status":"closed","ping_status":"closed","template":"","meta":{"_acf_changed":false,"inline_featured_image":false,"footnotes":""},"class_list":["post-1485","page","type-page","status-publish","hentry"],"acf":[],"_links":{"self":[{"href":"https:\/\/www.hotel-plazza-nimes.fr\/es\/wp-json\/wp\/v2\/pages\/1485","targetHints":{"allow":["GET"]}}],"collection":[{"href":"https:\/\/www.hotel-plazza-nimes.fr\/es\/wp-json\/wp\/v2\/pages"}],"about":[{"href":"https:\/\/www.hotel-plazza-nimes.fr\/es\/wp-json\/wp\/v2\/types\/page"}],"author":[{"embeddable":true,"href":"https:\/\/www.hotel-plazza-nimes.fr\/es\/wp-json\/wp\/v2\/users\/13"}],"replies":[{"embeddable":true,"href":"https:\/\/www.hotel-plazza-nimes.fr\/es\/wp-json\/wp\/v2\/comments?post=1485"}],"version-history":[{"count":68,"href":"https:\/\/www.hotel-plazza-nimes.fr\/es\/wp-json\/wp\/v2\/pages\/1485\/revisions"}],"predecessor-version":[{"id":3841,"href":"https:\/\/www.hotel-plazza-nimes.fr\/es\/wp-json\/wp\/v2\/pages\/1485\/revisions\/3841"}],"up":[{"embeddable":true,"href":"https:\/\/www.hotel-plazza-nimes.fr\/es\/wp-json\/wp\/v2\/pages\/67"}],"wp:attachment":[{"href":"https:\/\/www.hotel-plazza-nimes.fr\/es\/wp-json\/wp\/v2\/media?parent=1485"}],"curies":[{"name":"wp","href":"https:\/\/api.w.org\/{rel}","templated":true}]}}