{"id":68,"date":"2023-06-19T11:11:09","date_gmt":"2023-06-19T09:11:09","guid":{"rendered":"https:\/\/www.hotel-plazza-nimes.fr\/?page_id=68"},"modified":"2025-11-24T10:04:55","modified_gmt":"2025-11-24T09:04:55","slug":"meetings-events","status":"publish","type":"page","link":"https:\/\/www.hotel-plazza-nimes.fr\/en\/meetings-events\/","title":{"rendered":"Meetings &amp; Events"},"content":{"rendered":"<div data-elementor-type=\"wp-page\" data-elementor-id=\"68\" class=\"elementor elementor-68\" data-elementor-post-type=\"page\">\n\t\t\t\t<div class=\"elementor-element elementor-element-085c7b9 e-con-full e-flex e-con e-parent\" data-id=\"085c7b9\" data-element_type=\"container\" data-settings=\"{&quot;background_background&quot;:&quot;classic&quot;}\">\n\t\t\t\t<div class=\"elementor-element elementor-element-e911aff elementor-widget elementor-widget-heading\" data-id=\"e911aff\" data-element_type=\"widget\" data-widget_type=\"heading.default\">\n\t\t\t\t<div class=\"elementor-widget-container\">\n\t\t\t\t\t<span class=\"elementor-heading-title elementor-size-default\">Meetings &amp; Events<\/span>\t\t\t\t<\/div>\n\t\t\t\t<\/div>\n\t\t\t\t<div class=\"elementor-element elementor-element-9a42b75 elementor-widget elementor-widget-heading\" data-id=\"9a42b75\" data-element_type=\"widget\" data-widget_type=\"heading.default\">\n\t\t\t\t<div class=\"elementor-widget-container\">\n\t\t\t\t\t<h1 class=\"elementor-heading-title elementor-size-default\">Your seminar in the Gard region<\/h1>\t\t\t\t<\/div>\n\t\t\t\t<\/div>\n\t\t\t\t<\/div>\n\t\t<div class=\"elementor-element elementor-element-6dd444a e-con-full fade-bloc e-flex e-con e-parent\" data-id=\"6dd444a\" data-element_type=\"container\">\n\t\t<div class=\"elementor-element elementor-element-d6253a9 e-con-full e-flex e-con e-child\" data-id=\"d6253a9\" data-element_type=\"container\" data-settings=\"{&quot;background_background&quot;:&quot;classic&quot;}\">\n\t\t\t\t<\/div>\n\t\t<div class=\"elementor-element elementor-element-002b89f e-con-full fade-content e-flex e-con e-child\" data-id=\"002b89f\" data-element_type=\"container\" data-settings=\"{&quot;background_background&quot;:&quot;classic&quot;}\">\n\t\t<div class=\"elementor-element elementor-element-e1fe8f1 e-flex e-con-boxed e-con e-child\" data-id=\"e1fe8f1\" data-element_type=\"container\">\n\t\t\t\t\t<div class=\"e-con-inner\">\n\t\t\t\t<div class=\"elementor-element elementor-element-f2cffa2 fade-title elementor-widget elementor-widget-heading\" data-id=\"f2cffa2\" data-element_type=\"widget\" data-widget_type=\"heading.default\">\n\t\t\t\t<div class=\"elementor-widget-container\">\n\t\t\t\t\t<h2 class=\"elementor-heading-title elementor-size-default\">Professional events<\/h2>\t\t\t\t<\/div>\n\t\t\t\t<\/div>\n\t\t\t\t<div class=\"elementor-element elementor-element-eb5b9df fade-subtext elementor-widget elementor-widget-text-editor\" data-id=\"eb5b9df\" data-element_type=\"widget\" data-widget_type=\"text-editor.default\">\n\t\t\t\t<div class=\"elementor-widget-container\">\n\t\t\t\t\t\t\t\t\t<p>An environment conducive to work and exchange<\/p>\t\t\t\t\t\t\t\t<\/div>\n\t\t\t\t<\/div>\n\t\t\t\t<div class=\"elementor-element elementor-element-2d93bc6 fade-text elementor-widget elementor-widget-text-editor\" data-id=\"2d93bc6\" data-element_type=\"widget\" data-widget_type=\"text-editor.default\">\n\t\t\t\t<div class=\"elementor-widget-container\">\n\t\t\t\t\t\t\t\t\t<p>Our hotel offers the ideal setting for your professional events. Whether you are planning a meeting, seminar, training session or study day, we offer flexible facilities and personalised services. All the equipment you need to ensure your work sessions run smoothly is included. The hotel team can also take care of all the arrangements, offering a comprehensive, turnkey service to simplify the preparation of your event.<\/p>\t\t\t\t\t\t\t\t<\/div>\n\t\t\t\t<\/div>\n\t\t\t\t\t<\/div>\n\t\t\t\t<\/div>\n\t\t\t\t<\/div>\n\t\t\t\t<\/div>\n\t\t<div class=\"elementor-element elementor-element-2ab453c e-con-full e-flex e-con e-parent\" data-id=\"2ab453c\" data-element_type=\"container\" data-settings=\"{&quot;background_background&quot;:&quot;classic&quot;}\">\n\t\t<div class=\"elementor-element elementor-element-654c07b e-con-full e-flex e-con e-child\" data-id=\"654c07b\" data-element_type=\"container\" data-settings=\"{&quot;background_background&quot;:&quot;classic&quot;}\">\n\t\t\t\t<div class=\"elementor-element elementor-element-700ba07 elementor-widget elementor-widget-heading\" data-id=\"700ba07\" data-element_type=\"widget\" data-widget_type=\"heading.default\">\n\t\t\t\t<div class=\"elementor-widget-container\">\n\t\t\t\t\t<h2 class=\"elementor-heading-title elementor-size-default\">Seminar room<\/h2>\t\t\t\t<\/div>\n\t\t\t\t<\/div>\n\t\t\t\t<div class=\"elementor-element elementor-element-8b16a0b elementor-widget elementor-widget-text-editor\" data-id=\"8b16a0b\" data-element_type=\"widget\" data-widget_type=\"text-editor.default\">\n\t\t\t\t<div class=\"elementor-widget-container\">\n\t\t\t\t\t\t\t\t\t<p>Comfort and functionality combined<\/p>\t\t\t\t\t\t\t\t<\/div>\n\t\t\t\t<\/div>\n\t\t\t\t<div class=\"elementor-element elementor-element-66da8e6 elementor-widget elementor-widget-text-editor\" data-id=\"66da8e6\" data-element_type=\"widget\" data-widget_type=\"text-editor.default\">\n\t\t\t\t<div class=\"elementor-widget-container\">\n\t\t\t\t\t\t\t\t\t<p>To host your meetings in the best possible conditions, the hotel has a seminar room measuring approximately 28 m\u00b2. Bright and functional, it can accommodate up to 16 people in a U-shaped configuration, encouraging discussion and collaborative work. This fully equipped space includes a video projector, free Wi-Fi and everything you need to ensure the success of your professional meetings. Combining comfort and practicality, the room can be adapted to different types of events, whether team meetings, training sessions or presentations.<\/p>\t\t\t\t\t\t\t\t<\/div>\n\t\t\t\t<\/div>\n\t\t\t\t<\/div>\n\t\t\t\t<\/div>\n\t\t<div class=\"elementor-element elementor-element-d3c6db6 e-con-full e-flex e-con e-parent\" data-id=\"d3c6db6\" data-element_type=\"container\">\n\t\t\t\t<div class=\"elementor-element elementor-element-ad00497 elementor-hidden-mobile elementor-widget elementor-widget-image\" data-id=\"ad00497\" data-element_type=\"widget\" data-widget_type=\"image.default\">\n\t\t\t\t<div class=\"elementor-widget-container\">\n\t\t\t\t\t\t\t\t\t\t\t\t\t\t\t<img fetchpriority=\"high\" decoding=\"async\" width=\"1800\" height=\"1273\" src=\"https:\/\/www.hotel-plazza-nimes.fr\/wp-content\/uploads\/2025\/11\/Un-hotel-centenaire.jpg\" class=\"attachment-full size-full wp-image-3581\" alt=\"\" srcset=\"https:\/\/www.hotel-plazza-nimes.fr\/wp-content\/uploads\/2025\/11\/Un-hotel-centenaire.jpg 1800w, https:\/\/www.hotel-plazza-nimes.fr\/wp-content\/uploads\/2025\/11\/Un-hotel-centenaire-300x212.jpg 300w, https:\/\/www.hotel-plazza-nimes.fr\/wp-content\/uploads\/2025\/11\/Un-hotel-centenaire-1024x724.jpg 1024w, https:\/\/www.hotel-plazza-nimes.fr\/wp-content\/uploads\/2025\/11\/Un-hotel-centenaire-768x543.jpg 768w, https:\/\/www.hotel-plazza-nimes.fr\/wp-content\/uploads\/2025\/11\/Un-hotel-centenaire-1536x1086.jpg 1536w, https:\/\/www.hotel-plazza-nimes.fr\/wp-content\/uploads\/2025\/11\/Un-hotel-centenaire-18x12.jpg 18w\" sizes=\"(max-width: 1800px) 100vw, 1800px\" title=\"\">\t\t\t\t\t\t\t\t\t\t\t\t\t\t\t<\/div>\n\t\t\t\t<\/div>\n\t\t<div class=\"elementor-element elementor-element-98d995c e-con-full e-flex e-con e-child\" data-id=\"98d995c\" data-element_type=\"container\" data-settings=\"{&quot;background_background&quot;:&quot;classic&quot;}\">\n\t\t\t\t<div class=\"elementor-element elementor-element-a219632 elementor-widget elementor-widget-heading\" data-id=\"a219632\" data-element_type=\"widget\" data-widget_type=\"heading.default\">\n\t\t\t\t<div class=\"elementor-widget-container\">\n\t\t\t\t\t<h3 class=\"elementor-heading-title elementor-size-default\">Request a quote<\/h3>\t\t\t\t<\/div>\n\t\t\t\t<\/div>\n\t\t\t\t<div class=\"elementor-element elementor-element-534d30d elementor-widget__width-initial elementor-widget elementor-widget-text-editor\" data-id=\"534d30d\" data-element_type=\"widget\" data-widget_type=\"text-editor.default\">\n\t\t\t\t<div class=\"elementor-widget-container\">\n\t\t\t\t\t\t\t\t\t<p>Please contact us for any information or to request a quote for organising a seminar in the Gard region.<\/p>\t\t\t\t\t\t\t\t<\/div>\n\t\t\t\t<\/div>\n\t\t<div class=\"elementor-element elementor-element-4a95ecb fade-button button-1 e-con-full e-flex e-con e-child\" data-id=\"4a95ecb\" data-element_type=\"container\">\n\t\t\t\t<div class=\"elementor-element elementor-element-e9d1b23 elementor-align-justify elementor-widget elementor-widget-button\" data-id=\"e9d1b23\" data-element_type=\"widget\" data-widget_type=\"button.default\">\n\t\t\t\t<div class=\"elementor-widget-container\">\n\t\t\t\t\t\t\t\t\t<div class=\"elementor-button-wrapper\">\n\t\t\t\t\t<a class=\"elementor-button elementor-button-link elementor-size-sm\" href=\"mailto:plazza.nimescentre@hotmail.com\">\n\t\t\t\t\t\t<span class=\"elementor-button-content-wrapper\">\n\t\t\t\t\t\t\t\t\t<span class=\"elementor-button-text\">Contact us by email<\/span>\n\t\t\t\t\t<\/span>\n\t\t\t\t\t<\/a>\n\t\t\t\t<\/div>\n\t\t\t\t\t\t\t\t<\/div>\n\t\t\t\t<\/div>\n\t\t\t\t<\/div>\n\t\t\t\t<\/div>\n\t\t\t\t<\/div>\n\t\t<div class=\"elementor-element elementor-element-0706a7f e-con-full maillage e-flex e-con e-parent\" data-id=\"0706a7f\" data-element_type=\"container\">\n\t\t<div class=\"elementor-element elementor-element-0249607 fade-maillage-container e-flex e-con-boxed e-con e-child\" data-id=\"0249607\" data-element_type=\"container\" data-settings=\"{&quot;background_background&quot;:&quot;classic&quot;}\">\n\t\t\t\t\t<div class=\"e-con-inner\">\n\t\t<div class=\"elementor-element elementor-element-57dbc8a fade-maillage-block e-flex e-con-boxed e-con e-child\" data-id=\"57dbc8a\" data-element_type=\"container\">\n\t\t\t\t\t<div class=\"e-con-inner\">\n\t\t\t\t<div class=\"elementor-element elementor-element-c59e6d2 fade-maillage-title elementor-widget elementor-widget-heading\" data-id=\"c59e6d2\" data-element_type=\"widget\" data-widget_type=\"heading.default\">\n\t\t\t\t<div class=\"elementor-widget-container\">\n\t\t\t\t\t<h2 class=\"elementor-heading-title elementor-size-default\">Rooms<\/h2>\t\t\t\t<\/div>\n\t\t\t\t<\/div>\n\t\t<div class=\"elementor-element elementor-element-c3b0c51 fade-button button-2 e-flex e-con-boxed e-con e-child\" data-id=\"c3b0c51\" data-element_type=\"container\">\n\t\t\t\t\t<div class=\"e-con-inner\">\n\t\t\t\t<div class=\"elementor-element elementor-element-a695d3d elementor-align-justify elementor-widget elementor-widget-button\" data-id=\"a695d3d\" data-element_type=\"widget\" data-widget_type=\"button.default\">\n\t\t\t\t<div class=\"elementor-widget-container\">\n\t\t\t\t\t\t\t\t\t<div class=\"elementor-button-wrapper\">\n\t\t\t\t\t<a class=\"elementor-button elementor-button-link elementor-size-sm\" href=\"https:\/\/www.hotel-plazza-nimes.fr\/en\/rooms\/\">\n\t\t\t\t\t\t<span class=\"elementor-button-content-wrapper\">\n\t\t\t\t\t\t\t\t\t<span class=\"elementor-button-text\">Discover<\/span>\n\t\t\t\t\t<\/span>\n\t\t\t\t\t<\/a>\n\t\t\t\t<\/div>\n\t\t\t\t\t\t\t\t<\/div>\n\t\t\t\t<\/div>\n\t\t\t\t\t<\/div>\n\t\t\t\t<\/div>\n\t\t\t\t\t<\/div>\n\t\t\t\t<\/div>\n\t\t\t\t\t<\/div>\n\t\t\t\t<\/div>\n\t\t<div class=\"elementor-element elementor-element-3f1dfcb fade-maillage-container e-flex e-con-boxed e-con e-child\" data-id=\"3f1dfcb\" data-element_type=\"container\" data-settings=\"{&quot;background_background&quot;:&quot;classic&quot;}\">\n\t\t\t\t\t<div class=\"e-con-inner\">\n\t\t<div class=\"elementor-element elementor-element-d02e789 fade-maillage-block e-flex e-con-boxed e-con e-child\" data-id=\"d02e789\" data-element_type=\"container\">\n\t\t\t\t\t<div class=\"e-con-inner\">\n\t\t\t\t<div class=\"elementor-element elementor-element-078c5dd fade-maillage-title elementor-widget elementor-widget-heading\" data-id=\"078c5dd\" data-element_type=\"widget\" data-widget_type=\"heading.default\">\n\t\t\t\t<div class=\"elementor-widget-container\">\n\t\t\t\t\t<h2 class=\"elementor-heading-title elementor-size-default\">Catering<\/h2>\t\t\t\t<\/div>\n\t\t\t\t<\/div>\n\t\t<div class=\"elementor-element elementor-element-27cf511 fade-button button-2 e-flex e-con-boxed e-con e-child\" data-id=\"27cf511\" data-element_type=\"container\">\n\t\t\t\t\t<div class=\"e-con-inner\">\n\t\t\t\t<div class=\"elementor-element elementor-element-878a541 elementor-align-justify elementor-widget elementor-widget-button\" data-id=\"878a541\" data-element_type=\"widget\" data-widget_type=\"button.default\">\n\t\t\t\t<div class=\"elementor-widget-container\">\n\t\t\t\t\t\t\t\t\t<div class=\"elementor-button-wrapper\">\n\t\t\t\t\t<a class=\"elementor-button elementor-button-link elementor-size-sm\" href=\"https:\/\/www.hotel-plazza-nimes.fr\/en\/catering\/\">\n\t\t\t\t\t\t<span class=\"elementor-button-content-wrapper\">\n\t\t\t\t\t\t\t\t\t<span class=\"elementor-button-text\">Discover<\/span>\n\t\t\t\t\t<\/span>\n\t\t\t\t\t<\/a>\n\t\t\t\t<\/div>\n\t\t\t\t\t\t\t\t<\/div>\n\t\t\t\t<\/div>\n\t\t\t\t\t<\/div>\n\t\t\t\t<\/div>\n\t\t\t\t\t<\/div>\n\t\t\t\t<\/div>\n\t\t\t\t\t<\/div>\n\t\t\t\t<\/div>\n\t\t<div class=\"elementor-element elementor-element-e8e0069 fade-maillage-container e-flex e-con-boxed e-con e-child\" data-id=\"e8e0069\" data-element_type=\"container\" data-settings=\"{&quot;background_background&quot;:&quot;classic&quot;}\">\n\t\t\t\t\t<div class=\"e-con-inner\">\n\t\t<div class=\"elementor-element elementor-element-99d063e fade-maillage-block e-flex e-con-boxed e-con e-child\" data-id=\"99d063e\" data-element_type=\"container\">\n\t\t\t\t\t<div class=\"e-con-inner\">\n\t\t\t\t<div class=\"elementor-element elementor-element-5bc8745 fade-maillage-title elementor-widget elementor-widget-heading\" data-id=\"5bc8745\" data-element_type=\"widget\" data-widget_type=\"heading.default\">\n\t\t\t\t<div class=\"elementor-widget-container\">\n\t\t\t\t\t<h2 class=\"elementor-heading-title elementor-size-default\">Tourism<\/h2>\t\t\t\t<\/div>\n\t\t\t\t<\/div>\n\t\t<div class=\"elementor-element elementor-element-c28f657 fade-button button-2 e-flex e-con-boxed e-con e-child\" data-id=\"c28f657\" data-element_type=\"container\">\n\t\t\t\t\t<div class=\"e-con-inner\">\n\t\t\t\t<div class=\"elementor-element elementor-element-ccd27e5 elementor-align-justify elementor-widget elementor-widget-button\" data-id=\"ccd27e5\" data-element_type=\"widget\" data-widget_type=\"button.default\">\n\t\t\t\t<div class=\"elementor-widget-container\">\n\t\t\t\t\t\t\t\t\t<div class=\"elementor-button-wrapper\">\n\t\t\t\t\t<a class=\"elementor-button elementor-button-link elementor-size-sm\" href=\"https:\/\/www.hotel-plazza-nimes.fr\/en\/tourism\/\">\n\t\t\t\t\t\t<span class=\"elementor-button-content-wrapper\">\n\t\t\t\t\t\t\t\t\t<span class=\"elementor-button-text\">Discover<\/span>\n\t\t\t\t\t<\/span>\n\t\t\t\t\t<\/a>\n\t\t\t\t<\/div>\n\t\t\t\t\t\t\t\t<\/div>\n\t\t\t\t<\/div>\n\t\t\t\t\t<\/div>\n\t\t\t\t<\/div>\n\t\t\t\t\t<\/div>\n\t\t\t\t<\/div>\n\t\t\t\t\t<\/div>\n\t\t\t\t<\/div>\n\t\t\t\t<\/div>\n\t\t\t\t<\/div>","protected":false},"excerpt":{"rendered":"<p>R\u00e9unions &amp; \u00e9v\u00e9nements Votre s\u00e9minaire dans le Gard \u00c9v\u00e9nements professionnels Un cadre propice au travail et \u00e0 l\u2019\u00e9change Notre h\u00f4tel offre un environnement id\u00e9al pour l\u2019organisation de vos \u00e9v\u00e9nements professionnels. Que ce soit pour une r\u00e9union, un s\u00e9minaire, une formation ou une journ\u00e9e d\u2019\u00e9tude, l\u2019\u00e9tablissement met \u00e0 disposition des prestations modulables et des services personnalis\u00e9s. [&hellip;]<\/p>","protected":false},"author":7,"featured_media":0,"parent":0,"menu_order":0,"comment_status":"closed","ping_status":"closed","template":"","meta":{"_acf_changed":false,"inline_featured_image":false,"footnotes":""},"class_list":["post-68","page","type-page","status-publish","hentry"],"acf":[],"_links":{"self":[{"href":"https:\/\/www.hotel-plazza-nimes.fr\/en\/wp-json\/wp\/v2\/pages\/68","targetHints":{"allow":["GET"]}}],"collection":[{"href":"https:\/\/www.hotel-plazza-nimes.fr\/en\/wp-json\/wp\/v2\/pages"}],"about":[{"href":"https:\/\/www.hotel-plazza-nimes.fr\/en\/wp-json\/wp\/v2\/types\/page"}],"author":[{"embeddable":true,"href":"https:\/\/www.hotel-plazza-nimes.fr\/en\/wp-json\/wp\/v2\/users\/7"}],"replies":[{"embeddable":true,"href":"https:\/\/www.hotel-plazza-nimes.fr\/en\/wp-json\/wp\/v2\/comments?post=68"}],"version-history":[{"count":286,"href":"https:\/\/www.hotel-plazza-nimes.fr\/en\/wp-json\/wp\/v2\/pages\/68\/revisions"}],"predecessor-version":[{"id":4039,"href":"https:\/\/www.hotel-plazza-nimes.fr\/en\/wp-json\/wp\/v2\/pages\/68\/revisions\/4039"}],"wp:attachment":[{"href":"https:\/\/www.hotel-plazza-nimes.fr\/en\/wp-json\/wp\/v2\/media?parent=68"}],"curies":[{"name":"wp","href":"https:\/\/api.w.org\/{rel}","templated":true}]}}