{"id":1422,"date":"2023-07-04T10:21:49","date_gmt":"2023-07-04T08:21:49","guid":{"rendered":"https:\/\/www.hotel-plazza-nimes.fr\/?page_id=1422"},"modified":"2025-11-17T15:26:35","modified_gmt":"2025-11-17T14:26:35","slug":"nimes-arenas","status":"publish","type":"page","link":"https:\/\/www.hotel-plazza-nimes.fr\/en\/tourism\/nimes-arenas\/","title":{"rendered":"N\u00eemes Amphitheatre"},"content":{"rendered":"<div data-elementor-type=\"wp-page\" data-elementor-id=\"1422\" class=\"elementor elementor-1422\" data-elementor-post-type=\"page\">\n\t\t\t\t<div class=\"elementor-element elementor-element-71cb5106 e-con-full e-flex e-con e-parent\" data-id=\"71cb5106\" data-element_type=\"container\" data-settings=\"{&quot;background_background&quot;:&quot;classic&quot;}\">\n\t\t\t\t<div class=\"elementor-element elementor-element-70260372 elementor-widget elementor-widget-heading\" data-id=\"70260372\" data-element_type=\"widget\" data-widget_type=\"heading.default\">\n\t\t\t\t<div class=\"elementor-widget-container\">\n\t\t\t\t\t<span class=\"elementor-heading-title elementor-size-default\">N\u00eemes Amphitheatre<\/span>\t\t\t\t<\/div>\n\t\t\t\t<\/div>\n\t\t\t\t<div class=\"elementor-element elementor-element-3b3de32 elementor-widget elementor-widget-heading\" data-id=\"3b3de32\" data-element_type=\"widget\" data-widget_type=\"heading.default\">\n\t\t\t\t<div class=\"elementor-widget-container\">\n\t\t\t\t\t<h1 class=\"elementor-heading-title elementor-size-default\">The amphitheatre in N\u00eemes during a visit<\/h1>\t\t\t\t<\/div>\n\t\t\t\t<\/div>\n\t\t\t\t<\/div>\n\t\t<div class=\"elementor-element elementor-element-272c0e6 e-con-full fade-bloc e-flex e-con e-parent\" data-id=\"272c0e6\" data-element_type=\"container\" data-settings=\"{&quot;background_background&quot;:&quot;classic&quot;}\">\n\t\t<div class=\"elementor-element elementor-element-487001a2 e-con-full fade-content e-flex e-con e-child\" data-id=\"487001a2\" data-element_type=\"container\" data-settings=\"{&quot;background_background&quot;:&quot;classic&quot;}\">\n\t\t<div class=\"elementor-element elementor-element-4ff026d6 e-flex e-con-boxed e-con e-child\" data-id=\"4ff026d6\" data-element_type=\"container\">\n\t\t\t\t\t<div class=\"e-con-inner\">\n\t\t\t\t<div class=\"elementor-element elementor-element-4f57c7a5 fade-title elementor-widget elementor-widget-heading\" data-id=\"4f57c7a5\" data-element_type=\"widget\" data-widget_type=\"heading.default\">\n\t\t\t\t<div class=\"elementor-widget-container\">\n\t\t\t\t\t<h2 class=\"elementor-heading-title elementor-size-default\">A journey into the heart of history<\/h2>\t\t\t\t<\/div>\n\t\t\t\t<\/div>\n\t\t\t\t<div class=\"elementor-element elementor-element-31c3dd47 fade-subtext elementor-widget elementor-widget-text-editor\" data-id=\"31c3dd47\" data-element_type=\"widget\" data-widget_type=\"text-editor.default\">\n\t\t\t\t<div class=\"elementor-widget-container\">\n\t\t\t\t\t\t\t\t\t<p>One of the best-preserved Roman amphitheatres<\/p>\t\t\t\t\t\t\t\t<\/div>\n\t\t\t\t<\/div>\n\t\t\t\t<div class=\"elementor-element elementor-element-399600f7 fade-text elementor-widget elementor-widget-text-editor\" data-id=\"399600f7\" data-element_type=\"widget\" data-widget_type=\"text-editor.default\">\n\t\t\t\t<div class=\"elementor-widget-container\">\n\t\t\t\t\t\t\t\t\t<p>Built in the 1st century, the Ar\u00e8nes de N\u00eemes embody the grandeur of the Roman Empire. With their elliptical architecture and 24,000 seats, they hosted games, fights and popular shows. Today, they are a living testimony to two thousand years of history.<\/p>\t\t\t\t\t\t\t\t<\/div>\n\t\t\t\t<\/div>\n\t\t\t\t\t<\/div>\n\t\t\t\t<\/div>\n\t\t\t\t<\/div>\n\t\t<div class=\"elementor-element elementor-element-69f08153 e-con-full e-flex e-con e-child\" data-id=\"69f08153\" data-element_type=\"container\" data-settings=\"{&quot;background_background&quot;:&quot;classic&quot;}\">\n\t\t\t\t<\/div>\n\t\t\t\t<\/div>\n\t\t<div class=\"elementor-element elementor-element-62a940e e-con-full fade-bloc e-flex e-con e-parent\" data-id=\"62a940e\" data-element_type=\"container\">\n\t\t<div class=\"elementor-element elementor-element-259d5eee e-con-full fade-content e-flex e-con e-child\" data-id=\"259d5eee\" data-element_type=\"container\" data-settings=\"{&quot;background_background&quot;:&quot;classic&quot;}\">\n\t\t<div class=\"elementor-element elementor-element-4e840173 e-flex e-con-boxed e-con e-child\" data-id=\"4e840173\" data-element_type=\"container\">\n\t\t\t\t\t<div class=\"e-con-inner\">\n\t\t\t\t<div class=\"elementor-element elementor-element-7dfe483c fade-title elementor-widget elementor-widget-heading\" data-id=\"7dfe483c\" data-element_type=\"widget\" data-widget_type=\"heading.default\">\n\t\t\t\t<div class=\"elementor-widget-container\">\n\t\t\t\t\t<h2 class=\"elementor-heading-title elementor-size-default\">N\u00eemes Amphitheatre: a must-see attraction<\/h2>\t\t\t\t<\/div>\n\t\t\t\t<\/div>\n\t\t\t\t<div class=\"elementor-element elementor-element-1fc93e81 fade-subtext elementor-widget elementor-widget-text-editor\" data-id=\"1fc93e81\" data-element_type=\"widget\" data-widget_type=\"text-editor.default\">\n\t\t\t\t<div class=\"elementor-widget-container\">\n\t\t\t\t\t\t\t\t\t<p>A cultural and sensory immersion<\/p>\t\t\t\t\t\t\t\t<\/div>\n\t\t\t\t<\/div>\n\t\t\t\t<div class=\"elementor-element elementor-element-15857b59 fade-text elementor-widget elementor-widget-text-editor\" data-id=\"15857b59\" data-element_type=\"widget\" data-widget_type=\"text-editor.default\">\n\t\t\t\t<div class=\"elementor-widget-container\">\n\t\t\t\t\t\t\t\t\t<p>Visiting the Ar\u00e8nes de N\u00eemes means immersing yourself in a grandiose setting, punctuated by historical re-enactments, exhibitions and vibrant events. Easily accessible and beautifully restored, they offer an experience that is as captivating for enthusiasts as it is for the curious.<\/p>\t\t\t\t\t\t\t\t<\/div>\n\t\t\t\t<\/div>\n\t\t\t\t\t<\/div>\n\t\t\t\t<\/div>\n\t\t\t\t<\/div>\n\t\t<div class=\"elementor-element elementor-element-213fee6e e-con-full e-flex e-con e-child\" data-id=\"213fee6e\" data-element_type=\"container\" data-settings=\"{&quot;background_background&quot;:&quot;classic&quot;}\">\n\t\t\t\t<\/div>\n\t\t\t\t<\/div>\n\t\t\t\t<\/div>","protected":false},"excerpt":{"rendered":"<p>Les ar\u00e8nes de N\u00eemes lors d&rsquo;une visite Un voyage au c\u0153ur de l\u2019Histoire Un amphith\u00e9\u00e2tre romain parmi les mieux conserv\u00e9s \u00c9difi\u00e9es au Ier si\u00e8cle, les Ar\u00e8nes de N\u00eemes incarnent la grandeur de l\u2019Empire romain. Avec leur architecture elliptique et leurs 24 000 places, elles accueillaient jeux, combats et spectacles populaires. Aujourd\u2019hui, elles sont un t\u00e9moignage [&hellip;]<\/p>","protected":false},"author":13,"featured_media":0,"parent":67,"menu_order":0,"comment_status":"closed","ping_status":"closed","template":"","meta":{"_acf_changed":false,"inline_featured_image":false,"footnotes":""},"class_list":["post-1422","page","type-page","status-publish","hentry"],"acf":[],"_links":{"self":[{"href":"https:\/\/www.hotel-plazza-nimes.fr\/en\/wp-json\/wp\/v2\/pages\/1422","targetHints":{"allow":["GET"]}}],"collection":[{"href":"https:\/\/www.hotel-plazza-nimes.fr\/en\/wp-json\/wp\/v2\/pages"}],"about":[{"href":"https:\/\/www.hotel-plazza-nimes.fr\/en\/wp-json\/wp\/v2\/types\/page"}],"author":[{"embeddable":true,"href":"https:\/\/www.hotel-plazza-nimes.fr\/en\/wp-json\/wp\/v2\/users\/13"}],"replies":[{"embeddable":true,"href":"https:\/\/www.hotel-plazza-nimes.fr\/en\/wp-json\/wp\/v2\/comments?post=1422"}],"version-history":[{"count":83,"href":"https:\/\/www.hotel-plazza-nimes.fr\/en\/wp-json\/wp\/v2\/pages\/1422\/revisions"}],"predecessor-version":[{"id":3838,"href":"https:\/\/www.hotel-plazza-nimes.fr\/en\/wp-json\/wp\/v2\/pages\/1422\/revisions\/3838"}],"up":[{"embeddable":true,"href":"https:\/\/www.hotel-plazza-nimes.fr\/en\/wp-json\/wp\/v2\/pages\/67"}],"wp:attachment":[{"href":"https:\/\/www.hotel-plazza-nimes.fr\/en\/wp-json\/wp\/v2\/media?parent=1422"}],"curies":[{"name":"wp","href":"https:\/\/api.w.org\/{rel}","templated":true}]}}